{"id":4869,"date":"2023-03-22T04:45:02","date_gmt":"2023-03-22T04:45:02","guid":{"rendered":"https:\/\/arapcaogreniyorum.com.tr\/?page_id=4869"},"modified":"2023-07-16T07:24:54","modified_gmt":"2023-07-16T07:24:54","slug":"arapca-kanallar-ve-siteler","status":"publish","type":"page","link":"https:\/\/arapcaogreniyorum.com.tr\/index.php\/arapca-kanallar-ve-siteler\/","title":{"rendered":"Faydal\u0131 Linkler"},"content":{"rendered":"\n<p class=\"has-vivid-red-color has-text-color has-medium-font-size\"><strong>Arap\u00e7a Kanallar<\/strong>:<\/p>\n\n\n\n<ol class=\"wp-block-list\">\n<li><a href=\"https:\/\/www.trtarabi.com\/live\">TRT Arabic<\/a><\/li>\n\n\n\n<li><a href=\"https:\/\/www.aljazeera.net\/live\">el-Cezira<\/a><\/li>\n\n\n\n<li><a href=\"https:\/\/icanlive.tv\/canli\/10783\/al-arabiya.html\">Al Arabiya<\/a><\/li>\n\n\n\n<li><a href=\"https:\/\/icanlive.tv\/canli\/14453\/alhadath-tv.html\">Alhadath TV<\/a><\/li>\n\n\n\n<li><a href=\"https:\/\/icanlive.tv\/canli\/13995\/cnbc-arabia.html\">CNBC Arabia<\/a><\/li>\n\n\n\n<li><a href=\"https:\/\/icanlive.tv\/canli\/9753\/dubai-one.html\">Dubai One<\/a><\/li>\n\n\n\n<li><a href=\"https:\/\/icanlive.tv\/canli\/989\/dubai-sport-tv.html\"><\/a><a href=\"https:\/\/icanlive.tv\/canli\/989\/dubai-sport-tv.html\">Dubai Sport TV<\/a><a href=\"https:\/\/icanlive.tv\/canli\/9751\/dubai-tv.html\"><\/a><\/li>\n\n\n\n<li><a href=\"https:\/\/icanlive.tv\/canli\/9751\/dubai-tv.html\">Dubai TV<\/a><\/li>\n\n\n\n<li><a href=\"https:\/\/icanlive.tv\/canli\/10669\/sama-dubai-tv.html\"><\/a><a href=\"https:\/\/icanlive.tv\/canli\/10669\/sama-dubai-tv.html\">Sama Dubai TV<\/a><a href=\"https:\/\/icanlive.tv\/canli\/13992\/sharjah-tv.html\"><\/a><\/li>\n\n\n\n<li><a href=\"https:\/\/icanlive.tv\/canli\/13992\/sharjah-tv.html\">Sharjah TV<\/a><\/li>\n<\/ol>\n\n\n\n<p class=\"has-vivid-red-color has-text-color has-medium-font-size\"><strong>Arap\u00e7a Siteler:<\/strong><\/p>\n\n\n\n<ol class=\"wp-block-list\">\n<li>Cartoonn Arabic:<\/li>\n\n\n\n<li><a href=\"https:\/\/www.youtube.com\/channel\/UCxUfxvkZb_0f-RsJmCsGGMw\/featured\">Halk Hikayeleri (D\u00fcnyadan Masallar):<\/a><\/li>\n\n\n\n<li><a href=\"https:\/\/www.youtube.com\/channel\/UCji9QOy69fvGL4F-83ZHZmw\/featured\">Mondo World AR:<\/a><\/li>\n\n\n\n<li><a href=\"https:\/\/www.youtube.com\/user\/arabickidschannel\/featured\">Arap\u00e7a Dizi ve \u00c7izgi Filmler:<\/a><\/li>\n\n\n\n<li><a href=\"https:\/\/www.youtube.com\/user\/spacetoononline\">Spacetoon:<\/a><\/li>\n\n\n\n<li><a href=\"https:\/\/www.youtube.com\/channel\/UCvb4oOP8QLknfTnuDHZPB-w\">KIDFLIX AR:<\/a><\/li>\n\n\n\n<li><a href=\"https:\/\/www.youtube.com\/channel\/UCIDUMksgo7FO2ZujxTcpGLQ\">ATA Animation Studio:<\/a><\/li>\n\n\n\n<li><a href=\"https:\/\/www.youtube.com\/user\/CedarsArtProduction\">Cedars Art Produciton:<\/a><\/li>\n\n\n\n<li><a href=\"https:\/\/www.youtube.com\/channel\/UCt7Xvv6n0VSCHMtrDtaHndA\">Middle East Media:<\/a><\/li>\n<\/ol>\n\n\n\n<p class=\"has-vivid-red-color has-text-color has-medium-font-size\"><strong>Arap\u00e7a Dizi Flimler<\/strong>:<\/p>\n\n\n\n<figure class=\"wp-block-image size-full\"><img fetchpriority=\"high\" decoding=\"async\" width=\"449\" height=\"378\" src=\"https:\/\/arapcaogreniyorum.com.tr\/wp-content\/uploads\/2023\/03\/yusuf.jpg\" alt=\"\" class=\"wp-image-4875\" srcset=\"https:\/\/arapcaogreniyorum.com.tr\/wp-content\/uploads\/2023\/03\/yusuf.jpg 449w, https:\/\/arapcaogreniyorum.com.tr\/wp-content\/uploads\/2023\/03\/yusuf-300x253.jpg 300w, https:\/\/arapcaogreniyorum.com.tr\/wp-content\/uploads\/2023\/03\/yusuf-350x295.jpg 350w\" sizes=\"(max-width: 449px) 100vw, 449px\" \/><\/figure>\n\n\n\n<p><a href=\"https:\/\/www.youtube.com\/playlist?list=PLgSTXtzkCBJcj-fTxZihL-EJahrDZMjad\">Hz. Yusuf  (46 B\u00f6l\u00fcm)<\/a><\/p>\n\n\n\n<p><a href=\"https:\/\/www.youtube.com\/playlist?list=PLQP03I9fS2V_Kl1XbsmKPVETTjXsejOKI\">Hz. \u00d6mer (31 B\u00f6l\u00fcm)<\/a><\/p>\n\n\n\n<p><a href=\"https:\/\/www.youtube.com\/playlist?list=PLil8iaosRlqsjT5i57iZ_gfiXQZ3wjcym\">Antere \u0130bn \u015eeddat (33 B\u00f6l\u00fcm)<\/a><\/p>\n\n\n\n<p><a href=\"https:\/\/www.youtube.com\/playlist?list=PLtHEKBuBgFdUohIFK6BTp0iUbFv11tpjQ\">Ahmed bin Hambel (32 B\u00f6l\u00fcm)<\/a><\/p>\n\n\n\n<p><a href=\"https:\/\/www.youtube.com\/playlist?list=PLOpvfjrLz9udFIKYigqh1NpG19pEIrO18\">Selahaddin Eyyubi (31 B\u00f6l\u00fcm)<\/a><\/p>\n\n\n\n<p><a href=\"https:\/\/www.youtube.com\/playlist?list=PLLcpeauQVc1s6Z1z-xkyxjEFwY7LuwFQm\">Arabistanl\u0131 Lawrance (37 B\u00f6l\u00fcm)<\/a><\/p>\n\n\n\n<figure class=\"wp-block-image size-full\"><a href=\"https:\/\/www.youtube.com\/playlist?list=PLLcpeauQVc1s6Z1z-xkyxjEFwY7LuwFQm\"><img decoding=\"async\" width=\"453\" height=\"340\" src=\"https:\/\/arapcaogreniyorum.com.tr\/wp-content\/uploads\/2023\/03\/lawrence.jpg\" alt=\"\" class=\"wp-image-4880\" srcset=\"https:\/\/arapcaogreniyorum.com.tr\/wp-content\/uploads\/2023\/03\/lawrence.jpg 453w, https:\/\/arapcaogreniyorum.com.tr\/wp-content\/uploads\/2023\/03\/lawrence-300x225.jpg 300w, https:\/\/arapcaogreniyorum.com.tr\/wp-content\/uploads\/2023\/03\/lawrence-350x263.jpg 350w\" sizes=\"(max-width: 453px) 100vw, 453px\" \/><\/a><\/figure>\n\n\n\n<p class=\"has-vivid-red-color has-text-color has-medium-font-size\"><strong>Kitap \u0130ndirme Siteleri:<\/strong><\/p>\n\n\n\n<p><a href=\"https:\/\/arapcaogreniyorum.com.tr\/index.php\/arapca-kitap-indirme-siteleri\/\" title=\"\">Arap\u00e7a Kitap \u0130ndirme Siteleri<\/a><\/p>\n\n\n\n<p class=\"has-vivid-red-color has-text-color has-medium-font-size\"><strong>Arap\u00e7a \u00d6\u011freten Siteler<\/strong>:<\/p>\n\n\n\n<p><a href=\"https:\/\/learning.aljazeera.net\/tr\/pages\/about-us\">el-Cezira Arap\u00e7a \u00d6\u011fretim <\/a><\/p>\n\n\n\n<p><a href=\"https:\/\/www.youtube.com\/watch?v=Jcpy3UXOu48&amp;list=PLsFI_Ra-331uNMA_8jK8vyYlZr0koAvXS\">Silsilet\u00fcl Lisan<\/a><\/p>\n\n\n\n<p><a href=\"https:\/\/www.youtube.com\/watch?v=Jcpy3UXOu48&amp;list=PLsFI_Ra-331uNMA_8jK8vyYlZr0koAvXS\">Silsilet\u00fcl Lisan Ba\u015flang\u0131\u00e7 Seviyesi-1<\/a><\/p>\n\n\n\n<p><a href=\"https:\/\/www.youtube.com\/watch?v=1MeGHkCPR9Y&amp;list=PLJ_gOQet2PL1IdevWJrS4iF0uo-nFqMdB&amp;t=15s\">Silsilet\u00fcl Lisan Ba\u015flang\u0131\u00e7 Seviyesi-2<\/a><\/p>\n\n\n\n<p><a href=\"https:\/\/www.youtube.com\/watch?v=yWxaR1EIl94\">Silsilet\u00fcl Lisan Orta Seviye-1<\/a><\/p>\n\n\n\n<p><a href=\"https:\/\/arapcaogreniyorum.com.tr\/index.php\/oyunlar\/\">Arap\u00e7a Oyunlar &#8211; E\u011flencelik<\/a><\/p>\n\n\n\n<p class=\"has-vivid-red-color has-text-color\"><strong><a href=\"https:\/\/arapcaogreniyorum.com.tr\/index.php\/dokuman-ve-kitaplar\/\">Arap\u00e7a Kitaplar ve Dok\u00fcmanlar<\/a><\/strong><\/p>\n","protected":false},"excerpt":{"rendered":"<p>Arap\u00e7a Kanallar: Arap\u00e7a Siteler: Arap\u00e7a Dizi Flimler: Hz. Yusuf (46 B\u00f6l\u00fcm) Hz. \u00d6mer (31 B\u00f6l\u00fcm) Antere \u0130bn \u015eeddat (33 B\u00f6l\u00fcm) Ahmed bin Hambel (32 B\u00f6l\u00fcm) Selahaddin Eyyubi (31 B\u00f6l\u00fcm) Arabistanl\u0131 &hellip; <\/p>\n","protected":false},"author":1,"featured_media":0,"parent":0,"menu_order":0,"comment_status":"closed","ping_status":"closed","template":"","meta":{"om_disable_all_campaigns":false,"footnotes":""},"class_list":["post-4869","page","type-page","status-publish","hentry"],"aioseo_notices":[],"jetpack_sharing_enabled":true,"_links":{"self":[{"href":"https:\/\/arapcaogreniyorum.com.tr\/index.php\/wp-json\/wp\/v2\/pages\/4869","targetHints":{"allow":["GET"]}}],"collection":[{"href":"https:\/\/arapcaogreniyorum.com.tr\/index.php\/wp-json\/wp\/v2\/pages"}],"about":[{"href":"https:\/\/arapcaogreniyorum.com.tr\/index.php\/wp-json\/wp\/v2\/types\/page"}],"author":[{"embeddable":true,"href":"https:\/\/arapcaogreniyorum.com.tr\/index.php\/wp-json\/wp\/v2\/users\/1"}],"replies":[{"embeddable":true,"href":"https:\/\/arapcaogreniyorum.com.tr\/index.php\/wp-json\/wp\/v2\/comments?post=4869"}],"version-history":[{"count":17,"href":"https:\/\/arapcaogreniyorum.com.tr\/index.php\/wp-json\/wp\/v2\/pages\/4869\/revisions"}],"predecessor-version":[{"id":9215,"href":"https:\/\/arapcaogreniyorum.com.tr\/index.php\/wp-json\/wp\/v2\/pages\/4869\/revisions\/9215"}],"wp:attachment":[{"href":"https:\/\/arapcaogreniyorum.com.tr\/index.php\/wp-json\/wp\/v2\/media?parent=4869"}],"curies":[{"name":"wp","href":"https:\/\/api.w.org\/{rel}","templated":true}]}}