{"id":4892,"date":"2023-03-22T06:18:54","date_gmt":"2023-03-22T06:18:54","guid":{"rendered":"https:\/\/arapcaogreniyorum.com.tr\/?page_id=4892"},"modified":"2023-05-03T05:28:50","modified_gmt":"2023-05-03T05:28:50","slug":"oyunlar","status":"publish","type":"page","link":"https:\/\/arapcaogreniyorum.com.tr\/index.php\/oyunlar\/","title":{"rendered":"Oyunlar"},"content":{"rendered":"\n<ul class=\"wp-block-list\">\n<li><a rel=\"noreferrer noopener\" href=\"https:\/\/learningapps.org\/view15237957\" target=\"_blank\">Arap\u00e7a Kal\u0131n ve \u0130nce Harfler<\/a> <em><strong>(yap-boz bulmaca)<\/strong><\/em><\/li>\n\n\n\n<li><a href=\"https:\/\/arapcaogreniyorum.com.tr\/index.php\/oyunlar\/selamlasma\/\">Selamla\u015fma<\/a>-e\u015fle\u015ftirme oyunu<\/li>\n\n\n\n<li>Zamirler Test (Ayr\u0131)      Zamir (E\u015fle\u015ftirme Oyunu)<\/li>\n\n\n\n<li>Zamirler (Biti\u015fik)<\/li>\n\n\n\n<li>Say\u0131lar (1-10)<\/li>\n\n\n\n<li>Say\u0131lar (11-100)<\/li>\n\n\n\n<li><a href=\"https:\/\/arapcaogreniyorum.com.tr\/index.php\/oyunlar\/saatler\/\">Saatler <\/a><strong><em>(Say\u0131 do\u011frusu)<\/em><\/strong><\/li>\n\n\n\n<li>Aile Bireyleri<\/li>\n\n\n\n<li>Akrabalar &#8211; <\/li>\n\n\n\n<li><a href=\"https:\/\/arapcaogreniyorum.com.tr\/index.php\/oyunlar\/aile-akraba-eslestirme\/\" title=\"\">Ailem ve Akrabalar\u0131m (E\u015fle\u015ftirme)<\/a><\/li>\n\n\n\n<li>Meslekler (Test) &#8211; <\/li>\n\n\n\n<li>Meslekler (E\u015fle\u015ftirme Oyunu)<\/li>\n\n\n\n<li>Renkler<\/li>\n\n\n\n<li>Evim (Test)   <\/li>\n\n\n\n<li><a href=\"https:\/\/arapcaogreniyorum.com.tr\/index.php\/oyunlar\/evim\/\" target=\"_blank\" rel=\"noreferrer noopener\">Evim (E\u015fle\u015ftirme)<\/a><\/li>\n\n\n\n<li>Meyveler<\/li>\n\n\n\n<li>Sebzeler (Test)  &#8211;<a rel=\"noreferrer noopener\" href=\"https:\/\/learningapps.org\/16463711\" target=\"_blank\"> <\/a><\/li>\n\n\n\n<li><a href=\"https:\/\/arapcaogreniyorum.com.tr\/index.php\/2023\/04\/18\/sebzeler\/\">Sebzeler <\/a>(E\u015fle\u015ftirme Oyunu)<\/li>\n\n\n\n<li>Kahvalt\u0131l\u0131klar<\/li>\n\n\n\n<li><a href=\"https:\/\/learningapps.org\/view6242729?fbclid=IwAR0eMywaE95ueRf7OyxVjBXQrNkmZBMesKNfIkg4OAhM1zsqv84ebb5HMUo\">Tarihi Mekanlar<\/a><\/li>\n\n\n\n<li><a rel=\"noreferrer noopener\" href=\"https:\/\/wordwall.net\/tr\/resource\/15128079\/arap%C3%A7a-5-s%C4%B1n%C4%B1f-hayvanlar\" target=\"_blank\">Hayvanlar<\/a><\/li>\n\n\n\n<li>\u0130\u015faret \u0130simleri (Bulmaca)<\/li>\n<\/ul>\n","protected":false},"excerpt":{"rendered":"","protected":false},"author":1,"featured_media":0,"parent":0,"menu_order":0,"comment_status":"closed","ping_status":"closed","template":"","meta":{"om_disable_all_campaigns":false,"footnotes":""},"class_list":["post-4892","page","type-page","status-publish","hentry"],"aioseo_notices":[],"jetpack_sharing_enabled":true,"_links":{"self":[{"href":"https:\/\/arapcaogreniyorum.com.tr\/index.php\/wp-json\/wp\/v2\/pages\/4892","targetHints":{"allow":["GET"]}}],"collection":[{"href":"https:\/\/arapcaogreniyorum.com.tr\/index.php\/wp-json\/wp\/v2\/pages"}],"about":[{"href":"https:\/\/arapcaogreniyorum.com.tr\/index.php\/wp-json\/wp\/v2\/types\/page"}],"author":[{"embeddable":true,"href":"https:\/\/arapcaogreniyorum.com.tr\/index.php\/wp-json\/wp\/v2\/users\/1"}],"replies":[{"embeddable":true,"href":"https:\/\/arapcaogreniyorum.com.tr\/index.php\/wp-json\/wp\/v2\/comments?post=4892"}],"version-history":[{"count":6,"href":"https:\/\/arapcaogreniyorum.com.tr\/index.php\/wp-json\/wp\/v2\/pages\/4892\/revisions"}],"predecessor-version":[{"id":7589,"href":"https:\/\/arapcaogreniyorum.com.tr\/index.php\/wp-json\/wp\/v2\/pages\/4892\/revisions\/7589"}],"wp:attachment":[{"href":"https:\/\/arapcaogreniyorum.com.tr\/index.php\/wp-json\/wp\/v2\/media?parent=4892"}],"curies":[{"name":"wp","href":"https:\/\/api.w.org\/{rel}","templated":true}]}}