{"id":4901,"date":"2023-03-22T07:11:23","date_gmt":"2023-03-22T07:11:23","guid":{"rendered":"https:\/\/arapcaogreniyorum.com.tr\/?page_id=4901"},"modified":"2023-03-22T10:33:19","modified_gmt":"2023-03-22T10:33:19","slug":"ana-sayfa","status":"publish","type":"page","link":"https:\/\/arapcaogreniyorum.com.tr\/index.php\/ana-sayfa\/","title":{"rendered":"Giri\u015f Sayfas\u0131"},"content":{"rendered":"\n<p class=\"has-text-align-center has-vivid-red-color has-text-color has-x-large-font-size\">\u0623\u064e\u0647\u0652\u0644\u064b\u0627 \u0648\u064e \u0633\u064e\u0647\u0652\u0644\u064b\u0627<\/p>\n\n\n\n<p class=\"has-text-align-center has-medium-font-size\">Sitemize Ho\u015fgeldiniz! <\/p>\n\n\n\n<p class=\"has-text-align-center has-medium-font-size\">Sitemizde d\u00fczenleme \u00e7al\u0131\u015fmalar\u0131m\u0131z devam ediyor&#8230; Anlay\u0131\u015f\u0131n\u0131z i\u00e7in te\u015fekk\u00fcr ederiz. Yine bekleriz&#8230;<\/p>\n\n\n<div class=\"wp-block-image\">\n<figure class=\"aligncenter size-full\"><img fetchpriority=\"high\" decoding=\"async\" width=\"524\" height=\"217\" src=\"http:\/\/arapcaogreniyorum.com.tr\/wp-content\/uploads\/2023\/03\/kaoset.jpg\" alt=\"\" class=\"wp-image-118\" srcset=\"https:\/\/arapcaogreniyorum.com.tr\/wp-content\/uploads\/2023\/03\/kaoset.jpg 524w, https:\/\/arapcaogreniyorum.com.tr\/wp-content\/uploads\/2023\/03\/kaoset-350x145.jpg 350w, https:\/\/arapcaogreniyorum.com.tr\/wp-content\/uploads\/2023\/03\/kaoset-300x124.jpg 300w\" sizes=\"(max-width: 524px) 100vw, 524px\" \/><\/figure>\n<\/div>\n\n\n<figure class=\"wp-block-table has-medium-font-size\"><table><tbody><tr><td class=\"has-text-align-center\" data-align=\"center\">Kur&#8217;an Arap\u00e7as\u0131 \u00d6\u011freniyorum <br>1. Seviye (2,5-3 AY)<\/td><td class=\"has-text-align-center\" data-align=\"center\">Kur&#8217;an Arap\u00e7as\u0131 \u00d6\u011freniyorum <br>2. Seviye (2,5-3 AY)<\/td><\/tr><tr><td class=\"has-text-align-center\" data-align=\"center\">Kur&#8217;an Arap\u00e7as\u0131 \u00d6\u011freniyorum <br>3. Seviye (2,5-3 AY)<\/td><td class=\"has-text-align-center\" data-align=\"center\">Kur&#8217;an Arap\u00e7as\u0131 \u00d6\u011freniyorum <br>4. Seviye (2,5-3 AY)<\/td><\/tr><\/tbody><\/table><\/figure>\n\n\n\n<p class=\"has-vivid-red-color has-text-color has-medium-font-size\"><strong>\u0130lahiyat Fak\u00fcltesi Arap\u00e7a Dersi<\/strong><\/p>\n\n\n\n<p class=\"has-vivid-red-color has-text-color has-medium-font-size\"><strong>Modern Arap\u00e7a Dersleri: A1, A2, B1, B2<\/strong><\/p>\n\n\n\n<p class=\"has-vivid-red-color has-text-color has-medium-font-size\"><strong>Y\u00d6K-D\u0130L, YDS VE \u0130L\u0130TAM ARAP\u00c7A DERSLER\u0130<\/strong><\/p>\n\n\n\n<p class=\"has-vivid-red-color has-text-color has-medium-font-size\"><strong>H\u0130KAYELERLE ARAP\u00c7A \u00d6\u011eREN\u0130YORUM<\/strong><\/p>\n\n\n\n<p class=\"has-text-align-center has-vivid-cyan-blue-color has-text-color has-medium-font-size\"><strong>\u0130LET\u0130\u015e\u0130M FORMU<\/strong><\/p>\n\n\n<div class=\"wp-block-jetpack-contact-form is-layout-flex wp-container-jetpack-contact-form-is-layout-026b38f8 wp-block-jetpack-contact-form-is-layout-flex\"><a href=\"https:\/\/arapcaogreniyorum.com.tr\/index.php\/ana-sayfa\/\" target=\"_blank\" rel=\"noopener noreferrer\">Bir form g\u00f6nderin.<\/a><\/div>","protected":false},"excerpt":{"rendered":"<p>\u0623\u064e\u0647\u0652\u0644\u064b\u0627 \u0648\u064e \u0633\u064e\u0647\u0652\u0644\u064b\u0627 Sitemize Ho\u015fgeldiniz! Sitemizde d\u00fczenleme \u00e7al\u0131\u015fmalar\u0131m\u0131z devam ediyor&#8230; Anlay\u0131\u015f\u0131n\u0131z i\u00e7in te\u015fekk\u00fcr ederiz. Yine bekleriz&#8230; Kur&#8217;an Arap\u00e7as\u0131 \u00d6\u011freniyorum 1. Seviye (2,5-3 AY) Kur&#8217;an Arap\u00e7as\u0131 \u00d6\u011freniyorum 2. Seviye (2,5-3 AY) &hellip; <\/p>\n","protected":false},"author":1,"featured_media":0,"parent":0,"menu_order":0,"comment_status":"closed","ping_status":"closed","template":"","meta":{"om_disable_all_campaigns":false,"footnotes":""},"class_list":["post-4901","page","type-page","status-publish","hentry"],"aioseo_notices":[],"jetpack_sharing_enabled":true,"_links":{"self":[{"href":"https:\/\/arapcaogreniyorum.com.tr\/index.php\/wp-json\/wp\/v2\/pages\/4901","targetHints":{"allow":["GET"]}}],"collection":[{"href":"https:\/\/arapcaogreniyorum.com.tr\/index.php\/wp-json\/wp\/v2\/pages"}],"about":[{"href":"https:\/\/arapcaogreniyorum.com.tr\/index.php\/wp-json\/wp\/v2\/types\/page"}],"author":[{"embeddable":true,"href":"https:\/\/arapcaogreniyorum.com.tr\/index.php\/wp-json\/wp\/v2\/users\/1"}],"replies":[{"embeddable":true,"href":"https:\/\/arapcaogreniyorum.com.tr\/index.php\/wp-json\/wp\/v2\/comments?post=4901"}],"version-history":[{"count":8,"href":"https:\/\/arapcaogreniyorum.com.tr\/index.php\/wp-json\/wp\/v2\/pages\/4901\/revisions"}],"predecessor-version":[{"id":4926,"href":"https:\/\/arapcaogreniyorum.com.tr\/index.php\/wp-json\/wp\/v2\/pages\/4901\/revisions\/4926"}],"wp:attachment":[{"href":"https:\/\/arapcaogreniyorum.com.tr\/index.php\/wp-json\/wp\/v2\/media?parent=4901"}],"curies":[{"name":"wp","href":"https:\/\/api.w.org\/{rel}","templated":true}]}}