{"id":5024,"date":"2023-03-23T06:26:59","date_gmt":"2023-03-23T06:26:59","guid":{"rendered":"https:\/\/arapcaogreniyorum.com.tr\/?page_id=5024"},"modified":"2023-03-23T06:27:01","modified_gmt":"2023-03-23T06:27:01","slug":"kuran-i-kerim-turkce-anlami-saban-piris","status":"publish","type":"page","link":"https:\/\/arapcaogreniyorum.com.tr\/index.php\/kuran-i-kerim\/kuran-i-kerim-turkce-anlami-saban-piris\/","title":{"rendered":"Kur&#8217;an-\u0131 Kerim T\u00fcrk\u00e7e Anlam\u0131-\u015eaban P\u0130R\u0130\u015e"},"content":{"rendered":"\n<p><\/p>\n\n\n\n<p><code><div class=\"_df_book df-lite\" id=\"df_5019\"  _slug=\"kuran-meali-saban-piris\" data-title=\"kuran-meali-saban-piris\" wpoptions=\"true\" thumb=\"http:\/\/arapcaogreniyorum.com.tr\/wp-content\/uploads\/2023\/03\/meal2.jpg\" thumbtype=\"\" ><\/div><script class=\"df-shortcode-script\" nowprocket type=\"application\/javascript\">window.option_df_5019 = {\"outline\":[],\"autoEnableOutline\":\"true\",\"autoEnableThumbnail\":\"true\",\"overwritePDFOutline\":\"false\",\"direction\":\"1\",\"pageSize\":\"0\",\"pageMode\":\"0\",\"singlePageMode\":\"0\",\"autoPlay\":\"false\",\"source\":\"http:\\\/\\\/arapcaogreniyorum.com.tr\\\/wp-content\\\/uploads\\\/2023\\\/03\\\/Kuranmeali-SPiris.pdf\",\"wpOptions\":\"true\"}; if(window.DFLIP && window.DFLIP.parseBooks){window.DFLIP.parseBooks();}<\/script><\/code><\/p>\n\n\n\n<h2 class=\"wp-block-heading\"><\/h2>\n","protected":false},"excerpt":{"rendered":"","protected":false},"author":1,"featured_media":0,"parent":95,"menu_order":0,"comment_status":"closed","ping_status":"closed","template":"","meta":{"om_disable_all_campaigns":false,"footnotes":""},"class_list":["post-5024","page","type-page","status-publish","hentry"],"aioseo_notices":[],"jetpack_sharing_enabled":true,"_links":{"self":[{"href":"https:\/\/arapcaogreniyorum.com.tr\/index.php\/wp-json\/wp\/v2\/pages\/5024","targetHints":{"allow":["GET"]}}],"collection":[{"href":"https:\/\/arapcaogreniyorum.com.tr\/index.php\/wp-json\/wp\/v2\/pages"}],"about":[{"href":"https:\/\/arapcaogreniyorum.com.tr\/index.php\/wp-json\/wp\/v2\/types\/page"}],"author":[{"embeddable":true,"href":"https:\/\/arapcaogreniyorum.com.tr\/index.php\/wp-json\/wp\/v2\/users\/1"}],"replies":[{"embeddable":true,"href":"https:\/\/arapcaogreniyorum.com.tr\/index.php\/wp-json\/wp\/v2\/comments?post=5024"}],"version-history":[{"count":1,"href":"https:\/\/arapcaogreniyorum.com.tr\/index.php\/wp-json\/wp\/v2\/pages\/5024\/revisions"}],"predecessor-version":[{"id":5025,"href":"https:\/\/arapcaogreniyorum.com.tr\/index.php\/wp-json\/wp\/v2\/pages\/5024\/revisions\/5025"}],"up":[{"embeddable":true,"href":"https:\/\/arapcaogreniyorum.com.tr\/index.php\/wp-json\/wp\/v2\/pages\/95"}],"wp:attachment":[{"href":"https:\/\/arapcaogreniyorum.com.tr\/index.php\/wp-json\/wp\/v2\/media?parent=5024"}],"curies":[{"name":"wp","href":"https:\/\/api.w.org\/{rel}","templated":true}]}}