{"id":5158,"date":"2023-03-23T18:26:01","date_gmt":"2023-03-23T18:26:01","guid":{"rendered":"https:\/\/arapcaogreniyorum.com.tr\/?page_id=5158"},"modified":"2023-03-29T16:01:32","modified_gmt":"2023-03-29T16:01:32","slug":"5158-2","status":"publish","type":"page","link":"https:\/\/arapcaogreniyorum.com.tr\/index.php\/b1-1-metinler-1\/5158-2\/","title":{"rendered":"\u0623\u0647\u064e\u0645\u064f\u0651 \u0627\u0644\u0652\u0640\u0645\u064e\u0646\u064e\u0627\u0637\u0650\u0642\u0650 \u0627\u0644\u0633\u0650\u0651\u064a\u064e\u0627\u062d\u0650\u064a\u064e\u0651\u0629\u0650 \u0641\u0650\u064a \u0627\u0644\u0652\u0623\u064e\u0631\u0652\u062c\u064e\u0646\u0652\u062a\u0650\u064a\u0646"},"content":{"rendered":"\n<figure class=\"wp-block-embed is-type-video is-provider-youtube wp-block-embed-youtube wp-embed-aspect-16-9 wp-has-aspect-ratio\"><div class=\"wp-block-embed__wrapper\">\n<iframe title=\"\ud83c\udf05   \u0647\u0630\u0627 \u0627\u0644\u0635\u0628\u0627\u062d  -  \u062a\u0639\u0631\u0641 \u0639\u0644\u0649 \u0623\u0647\u0645 \u0645\u0646\u0627\u0637\u0642 \u0627\u0644\u062c\u0630\u0628 \u0627\u0644\u0633\u064a\u0627\u062d\u064a \u0628\u0627\u0644\u0623\u0631\u062c\u0646\u062a\u064a\u0646\" width=\"640\" height=\"360\" src=\"https:\/\/www.youtube.com\/embed\/4ypadjKhpEI?feature=oembed\" frameborder=\"0\" allow=\"accelerometer; autoplay; clipboard-write; encrypted-media; gyroscope; picture-in-picture; web-share\" referrerpolicy=\"strict-origin-when-cross-origin\" allowfullscreen><\/iframe>\n<\/div><\/figure>\n\n\n\n<div class=\"wp-block-columns is-layout-flex wp-container-core-columns-is-layout-9d6595d7 wp-block-columns-is-layout-flex\">\n<div class=\"wp-block-column is-layout-flow wp-block-column-is-layout-flow\">\n<p><strong>Arjantin\u2019in En \u00d6nemli Turistik Yerleri<\/strong><\/p>\n\n\n\n<h2 class=\"wp-block-heading\">\u0645\u0641\u0631\u062f\u0627\u062a<\/h2>\n\n\n\n<h2 class=\"wp-block-heading\">Kelimeler<\/h2>\n\n\n\n<p>\u0645\u064e\u0646\u0652\u0634\u064e\u0623Ba\u015flang\u0131\u00e7 noktas\u0131, anavatan\u0131<\/p>\n\n\n\n<p>\u0645\u064f\u0646\u064e\u0627\u062e\u0130klim<\/p>\n\n\n\n<p>\u0631\u064f\u0637\u064f\u0648\u0628\u064e\u0629Rutubet<\/p>\n\n\n\n<p>\u0645\u064e\u062d\u0652\u0645\u0650\u064a\u064e\u0651\u0629Korunmu\u015f, korunan<\/p>\n\n\n\n<p>\u0648\u064e\u0627\u062f\u064d\/ \u0623\u064e\u0648\u0652\u062f\u0650\u064a\u064e\u0629Vadi\/vadiler<\/p>\n\n\n\n<p>\u0646\u064e\u0647\u0652\u0631\/ \u0623\u0646\u0652\u0647\u064e\u0627\u0631Nehir\/nehirler<\/p>\n\n\n\n<p>\u0631\u0650\u062d\u0652\u0644\u064e\u0629\/ \u0631\u0650\u062d\u0652\u0644\u064e\u0627\u062aGezi\/geziler<\/p>\n\n\n\n<p>\u062a\u064e\u0633\u064e\u0644\u064f\u0651\u0642T\u0131rmanma<\/p>\n\n\n\n<p>\u062a\u064e\u062e\u0652\u064a\u0650\u064a\u0645Kamp yapmak<\/p>\n\n\n\n<p>\u0643\u064e\u0647\u0652\u0641\/ \u0643\u064f\u0647\u064f\u0648\u0641Ma\u011fara\/ma\u011faralar<\/p>\n\n\n\n<ul class=\"wp-block-social-links is-layout-flex wp-block-social-links-is-layout-flex\">\n\n<li class=\"wp-social-link wp-social-link-facebook  wp-block-social-link\"><a href=\"https:\/\/www.facebook.com\/profile.php?id=100063727503128\" class=\"wp-block-social-link-anchor\"><svg width=\"24\" height=\"24\" viewBox=\"0 0 24 24\" version=\"1.1\" xmlns=\"http:\/\/www.w3.org\/2000\/svg\" aria-hidden=\"true\" focusable=\"false\"><path d=\"M12 2C6.5 2 2 6.5 2 12c0 5 3.7 9.1 8.4 9.9v-7H7.9V12h2.5V9.8c0-2.5 1.5-3.9 3.8-3.9 1.1 0 2.2.2 2.2.2v2.5h-1.3c-1.2 0-1.6.8-1.6 1.6V12h2.8l-.4 2.9h-2.3v7C18.3 21.1 22 17 22 12c0-5.5-4.5-10-10-10z\"><\/path><\/svg><span class=\"wp-block-social-link-label screen-reader-text\">Facebook<\/span><\/a><\/li>\n\n<\/ul>\n<\/div>\n\n\n\n<div class=\"wp-block-column is-layout-flow wp-block-column-is-layout-flow\">\n<p class=\"has-text-align-right has-medium-font-size\">\u0646\u062a\u0648\u062c\u0647 \u0627\u0644\u064a\u0648\u0645 \u0625\u0644\u0649 \u0645\u0646\u0634\u0623 \u0631\u0642\u0635\u0629 \u0627\u0644\u062a\u0627\u0646\u063a\u0648. \u062f\u0648\u0644\u0629 \u062a\u062a\u0645\u064a\u0632<\/p>\n\n\n\n<p class=\"has-text-align-right has-medium-font-size\"> \u0628\u0627\u0644\u0639\u062f\u064a\u062f \u0645\u0646 \u0627\u0644\u0623\u0645\u0627\u0643\u0646 \u0627\u0644\u0633\u064a\u0627\u062d\u064a\u0629 \u0648\u0627\u0644\u062a\u0631\u0627\u062b \u0627\u0644\u062b\u0642\u0627\u0641\u064a \u0639\u0644\u0649 \u062d\u062f \u0633\u0648\u0627\u0621. \u0644\u0646\u062a\u0639\u0631\u0641 \u0625\u0644\u0649 \u0647\u0630\u0647 \u0627\u0644\u062f\u0648\u0644\u0629. \u0634\u062f\u0648\u0627 \u0623\u062d\u0632\u0645\u0629 \u0627\u0644\u0623\u0645\u0627\u0646 \u0628\u0634\u0643\u0644 \u062c\u064a\u062f\u060c \u0628\u062f\u0623\u062a \u0627\u0644\u0631\u062d\u0644\u0629.<\/p>\n\n\n\n<p class=\"has-text-align-right has-medium-font-size\">\u0627\u0644\u0623\u0631\u062c\u0646\u062a\u064a\u0646 \u0639\u0627\u0635\u0645\u062a\u0647\u0627 \u0628\u0648\u064a\u0646\u0648\u0633 \u0622\u064a\u0631\u0633. \u062a\u0642\u0639 \u0641\u064a \u062c\u0646\u0648\u0628 \u0623\u0645\u0631\u064a\u0643\u0627 \u0627\u0644\u062c\u0646\u0648\u0628\u064a\u0629. \u0627\u0644\u0644\u063a\u0629 \u0627\u0644\u0625\u0633\u0628\u0627\u0646\u064a\u0629 \u0647\u064a \u0627\u0644\u0644\u063a\u0629 \u0627\u0644\u0631\u0633\u0645\u064a\u0629. \u0648\u0639\u0645\u0644\u062a\u0647\u0627 \u0647\u064a \u0627\u0644\u0628\u064a\u0632\u0648. \u064a\u0645\u0643\u0646 \u0632\u064a\u0627\u0631\u062a\u0647\u0627 \u0641\u064a \u0623\u064a \u0648\u0642\u062a \u0645\u0646 \u0627\u0644\u0633\u0646\u0629. \u0645\u0646\u0627\u062e\u0647\u0627 \u062f\u0627\u0641\u0626 \u0648\u064a\u0645\u064a\u0644 \u0644\u0644\u0631\u0637\u0648\u0628\u0629 \u0641\u064a \u0641\u0635\u0644 \u0627\u0644\u0635\u064a\u0641. \u0623\u0645\u0627 \u0634\u0647\u0631 \u064a\u0648\u0644\u064a\u0648 \u0641\u064a\u0639\u062a\u0628\u0631 \u0627\u0644\u0623\u0634\u062f \u0628\u0631\u062f\u0627 \u0641\u064a \u0641\u0635\u0644 \u0627\u0644\u0634\u062a\u0627\u0621.<\/p>\n\n\n\n<p class=\"has-text-align-right has-medium-font-size\">\u0628\u0627\u062a\u0627\u063a\u0648\u0646\u064a\u0627 \u0627\u0644\u0648\u0627\u0642\u0639\u0629 \u062c\u0646\u0648\u0628 \u0627\u0644\u0628\u0644\u0627\u062f \u0647\u064a \u0628\u0642\u0639\u0629 \u0645\u062d\u0645\u064a\u0629 \u062a\u062c\u0630\u0628 \u0647\u0648\u0627\u0629 \u0627\u0644\u0631\u064a\u0627\u0636\u0629 \u0648\u0627\u0644\u0637\u0628\u064a\u0639\u0629.<\/p>\n\n\n\n<p class=\"has-text-align-right has-medium-font-size\">\u0646\u0628\u062f\u0623 \u0631\u062d\u0644\u062a\u0646\u0627 \u0645\u0646 \u0634\u0627\u0644\u062a\u0646 \u0627\u0644\u062a\u064a \u0645\u0627 \u0632\u0627\u0644\u062a \u062a\u062d\u0627\u0641\u0638 \u0639\u0644\u0649 \u0637\u0627\u0628\u0639\u0647\u0627 \u0627\u0644\u0642\u0631\u0648\u064a \u0627\u0644\u062a\u0642\u0644\u064a\u062f\u064a. \u0648\u0647\u064a \u0627\u0644\u0645\u0639\u0631\u0648\u0641\u0629 \u0628\u0623\u0648\u062f\u064a\u062a\u0647\u0627\u060c \u062c\u0628\u0627\u0644\u0647\u0627 \u0627\u0644\u062e\u0636\u0631\u0627\u0621\u060c \u0623\u0646\u0647\u0627\u0631\u0647\u0627 \u0648\u0628\u062d\u064a\u0631\u0627\u062a\u0647\u0627. \u0643\u0645\u0627 \u062a\u0639\u062a\u0628\u0631 \u0627\u0644\u0639\u0627\u0635\u0645\u0629 \u0627\u0644\u0631\u0633\u0645\u064a\u0629 \u0644\u0644\u0631\u062d\u0644\u0627\u062a \u0633\u064a\u0631\u0627 \u0639\u0644\u0649 \u0627\u0644\u0623\u0642\u062f\u0627\u0645 \u0641\u064a \u0627\u0644\u0623\u0631\u062c\u0646\u062a\u064a\u0646. \u0648\u064a\u0645\u0643\u0646 \u0627\u0644\u0642\u064a\u0627\u0645 \u0628\u0627\u0644\u0639\u062f\u064a\u062f \u0645\u0646 \u0627\u0644\u0646\u0634\u0627\u0637\u0627\u062a \u0641\u064a \u0647\u0630\u0647 \u0627\u0644\u0628\u0642\u0639\u0629: \u0631\u0643\u0648\u0628 \u0627\u0644\u062e\u064a\u0644\u060c \u062a\u0633\u0644\u0642 \u0627\u0644\u062c\u0628\u0627\u0644\u060c \u0627\u0644\u062a\u062e\u064a\u064a\u0645\u060c \u0645\u0634\u0627\u0647\u062f\u0629 \u0627\u0644\u0637\u064a\u0648\u0631 \u0648\u0635\u064a\u062f \u0627\u0644\u0623\u0633\u0645\u0627\u0643. \u0643\u0645\u0627 \u0627\u0644\u062a\u0645\u062a\u0639 \u0628\u0645\u0646\u0627\u0638\u0631 \u0627\u0644\u0637\u0628\u064a\u0639\u0629 \u0648\u0627\u0644\u062a\u0642\u0627\u0637 \u0627\u0644\u0635\u0648\u0631.<\/p>\n\n\n\n<p class=\"has-text-align-right has-medium-font-size\">\u0648\u0644\u0627\u0628\u062f \u0645\u0646 \u0632\u064a\u0627\u0631\u0629 \u0627\u0644\u062d\u062f\u064a\u0642\u0629 \u0627\u0644\u0648\u0637\u0646\u064a\u0629 \u0644\u0644\u062c\u0628\u0627\u0644 \u0627\u0644\u062c\u0644\u064a\u062f\u064a\u0629 \u0627\u0644\u062a\u064a \u062a\u062d\u062a\u0648\u064a \u0639\u0644\u0649 \u0623\u0643\u062b\u0631 \u0645\u0646 \u0663\u0665\u0660 \u062c\u0628\u0644\u0627\u060c \u0623\u0634\u0647\u0631\u0647\u0627 \u0628\u0627\u0631\u064a\u062a\u0648 \u0645\u0648\u0631\u064a\u0646\u0648\u060c \u062d\u064a\u062b \u064a\u0645\u0643\u0646\u0646\u0627 \u0627\u0644\u062a\u0633\u0644\u0642 \u0648\u0627\u0644\u0645\u0634\u064a. \u0645\u0646 \u0627\u0644\u0648\u062c\u0647\u0627\u062a \u0627\u0644\u0628\u062a\u0627\u063a\u0648\u0646\u064a\u0629 \u0627\u0644\u062c\u0645\u064a\u0644\u0629 \u0644\u0627\u063a\u0648\u0646\u0627\u062a\u0648\u0631\u064a. \u062a\u0633\u062a\u063a\u0631\u0642 \u0627\u0644\u0637\u0631\u064a\u0642 \u0645\u0627 \u064a\u0642\u0627\u0631\u0628 \u0627\u0644\u0633\u062a \u0633\u0627\u0639\u0627\u062a. \u0648\u0637\u0648\u0627\u0644 \u0627\u0644\u0631\u062d\u0644\u0629\u060c \u0646\u0633\u062a\u0645\u062a\u0639 \u0628\u0645\u0646\u0638\u0631 \u0642\u0645\u0629 \u0633\u064a\u0631\u0648 \u0627\u0644\u0631\u0627\u0626\u0639\u0629.<br>\u0648\u0646\u0646\u062a\u0642\u0644 \u0625\u0644\u0649 \u0643\u0648\u064a\u0641\u0627 \u062f\u0648\u0644\u0627\u0633\u0628\u0627\u0631\u0648\u0633\u060c \u0623\u064a \u0643\u0647\u0641 \u0627\u0644\u0623\u064a\u0627\u062f\u064a \u0641\u064a \u0628\u0627\u062a\u0627\u063a\u0648\u0646\u064a\u0627 \u0627\u0644\u062a\u064a \u062a\u0639\u062f \u0646\u0645\u0648\u0630\u062c\u0627 \u062e\u0627\u0635\u0627 \u0648\u0627\u0633\u062a\u062b\u0646\u0627\u0626\u064a\u0629 \u0641\u064a \u0641\u0646 \u0627\u0644\u0631\u0633\u0648\u0645\u0627\u062a \u0648\u062a\u0635\u0627\u0645\u064a\u0645 \u0627\u0644\u0643\u0647\u0648\u0641 \u0645\u0646 \u0639\u0635\u0648\u0631 \u0645\u0627 \u0642\u0628\u0644 \u0627\u0644\u062a\u0627\u0631\u064a\u062e.<\/p>\n\n\n\n<p class=\"has-text-align-right has-medium-font-size\">\u0648\u0645\u0646 \u0623\u0634\u0647\u0631 \u0627\u0644\u0623\u0643\u0644\u0627\u062a \u0627\u0644\u062a\u0642\u0644\u064a\u062f\u064a\u0629 \u0628\u0631\u0648\u0641\u0627\u0644\u064a\u062a\u0627\u060c \u0648\u0647\u064a \u0639\u0628\u0627\u0631\u0629 \u0639\u0646 \u0634\u0631\u062d\u0627\u062a \u0627\u0644\u062c\u0628\u0646\u0629 \u0627\u0644\u0645\u0642\u0644\u064a\u0629 \u0645\u0639 \u0627\u0644\u0635\u0644\u0635\u0629 \u0627\u0644\u062e\u0636\u0631\u0627\u0621 \u0627\u0644\u0644\u0630\u064a\u0630\u0629 \u062a\u0634\u0645\u064a \u062a\u0634\u0648\u0631\u064a.<br>\u064a\u0648\u0645 \u062c\u062f\u064a\u062f \u0648\u0645\u062f\u064a\u0646\u0629 \u062c\u062f\u064a\u062f\u0629\u060c \u0625\u0644\u0649 \u0627\u0644\u0644\u0642\u0627\u0621.<\/p>\n<\/div>\n<\/div>\n","protected":false},"excerpt":{"rendered":"<p>Arjantin\u2019in En \u00d6nemli Turistik Yerleri \u0645\u0641\u0631\u062f\u0627\u062a Kelimeler \u0645\u064e\u0646\u0652\u0634\u064e\u0623Ba\u015flang\u0131\u00e7 noktas\u0131, anavatan\u0131 \u0645\u064f\u0646\u064e\u0627\u062e\u0130klim \u0631\u064f\u0637\u064f\u0648\u0628\u064e\u0629Rutubet \u0645\u064e\u062d\u0652\u0645\u0650\u064a\u064e\u0651\u0629Korunmu\u015f, korunan \u0648\u064e\u0627\u062f\u064d\/ \u0623\u064e\u0648\u0652\u062f\u0650\u064a\u064e\u0629Vadi\/vadiler \u0646\u064e\u0647\u0652\u0631\/ \u0623\u0646\u0652\u0647\u064e\u0627\u0631Nehir\/nehirler \u0631\u0650\u062d\u0652\u0644\u064e\u0629\/ \u0631\u0650\u062d\u0652\u0644\u064e\u0627\u062aGezi\/geziler \u062a\u064e\u0633\u064e\u0644\u064f\u0651\u0642T\u0131rmanma \u062a\u064e\u062e\u0652\u064a\u0650\u064a\u0645Kamp yapmak \u0643\u064e\u0647\u0652\u0641\/ \u0643\u064f\u0647\u064f\u0648\u0641Ma\u011fara\/ma\u011faralar \u0646\u062a\u0648\u062c\u0647 \u0627\u0644\u064a\u0648\u0645 \u0625\u0644\u0649 \u0645\u0646\u0634\u0623 \u0631\u0642\u0635\u0629 &hellip; <\/p>\n","protected":false},"author":2,"featured_media":0,"parent":5411,"menu_order":0,"comment_status":"closed","ping_status":"closed","template":"","meta":{"om_disable_all_campaigns":false,"footnotes":""},"class_list":["post-5158","page","type-page","status-publish","hentry"],"aioseo_notices":[],"jetpack_sharing_enabled":true,"_links":{"self":[{"href":"https:\/\/arapcaogreniyorum.com.tr\/index.php\/wp-json\/wp\/v2\/pages\/5158","targetHints":{"allow":["GET"]}}],"collection":[{"href":"https:\/\/arapcaogreniyorum.com.tr\/index.php\/wp-json\/wp\/v2\/pages"}],"about":[{"href":"https:\/\/arapcaogreniyorum.com.tr\/index.php\/wp-json\/wp\/v2\/types\/page"}],"author":[{"embeddable":true,"href":"https:\/\/arapcaogreniyorum.com.tr\/index.php\/wp-json\/wp\/v2\/users\/2"}],"replies":[{"embeddable":true,"href":"https:\/\/arapcaogreniyorum.com.tr\/index.php\/wp-json\/wp\/v2\/comments?post=5158"}],"version-history":[{"count":5,"href":"https:\/\/arapcaogreniyorum.com.tr\/index.php\/wp-json\/wp\/v2\/pages\/5158\/revisions"}],"predecessor-version":[{"id":5419,"href":"https:\/\/arapcaogreniyorum.com.tr\/index.php\/wp-json\/wp\/v2\/pages\/5158\/revisions\/5419"}],"up":[{"embeddable":true,"href":"https:\/\/arapcaogreniyorum.com.tr\/index.php\/wp-json\/wp\/v2\/pages\/5411"}],"wp:attachment":[{"href":"https:\/\/arapcaogreniyorum.com.tr\/index.php\/wp-json\/wp\/v2\/media?parent=5158"}],"curies":[{"name":"wp","href":"https:\/\/api.w.org\/{rel}","templated":true}]}}