{"id":7223,"date":"2023-04-21T09:30:56","date_gmt":"2023-04-21T09:30:56","guid":{"rendered":"https:\/\/arapcaogreniyorum.com.tr\/?page_id=7223"},"modified":"2023-06-11T05:02:03","modified_gmt":"2023-06-11T05:02:03","slug":"evim","status":"publish","type":"page","link":"https:\/\/arapcaogreniyorum.com.tr\/index.php\/oyunlar\/evim\/","title":{"rendered":"Evim"},"content":{"rendered":"\n<p class=\"has-text-align-center has-huge-font-size\">\u0628\u064e\u064a\u0652\u062a\u064a<\/p>\n\n\n\n<figure class=\"wp-block-embed is-type-wp-embed is-provider-learningapps-org wp-block-embed-learningapps-org\"><div class=\"wp-block-embed__wrapper\">\n<iframe class=\"wp-embedded-content\" sandbox=\"allow-scripts\" security=\"restricted\" title=\"9. S\u0131n\u0131f  Arap\u00e7a Evim Konusu \" src=\"https:\/\/LearningApps.org\/watch?id=pu0ufxyz220#?secret=I8ajpyQyoY\" data-secret=\"I8ajpyQyoY\" frameborder=\"0\" width=\"950\" height=\"500\"><\/iframe>\n<\/div><\/figure>\n","protected":false},"excerpt":{"rendered":"<p>\u0628\u064e\u064a\u0652\u062a\u064a<\/p>\n","protected":false},"author":1,"featured_media":0,"parent":4892,"menu_order":0,"comment_status":"closed","ping_status":"closed","template":"","meta":{"om_disable_all_campaigns":false,"footnotes":""},"class_list":["post-7223","page","type-page","status-publish","hentry"],"aioseo_notices":[],"jetpack_sharing_enabled":true,"_links":{"self":[{"href":"https:\/\/arapcaogreniyorum.com.tr\/index.php\/wp-json\/wp\/v2\/pages\/7223","targetHints":{"allow":["GET"]}}],"collection":[{"href":"https:\/\/arapcaogreniyorum.com.tr\/index.php\/wp-json\/wp\/v2\/pages"}],"about":[{"href":"https:\/\/arapcaogreniyorum.com.tr\/index.php\/wp-json\/wp\/v2\/types\/page"}],"author":[{"embeddable":true,"href":"https:\/\/arapcaogreniyorum.com.tr\/index.php\/wp-json\/wp\/v2\/users\/1"}],"replies":[{"embeddable":true,"href":"https:\/\/arapcaogreniyorum.com.tr\/index.php\/wp-json\/wp\/v2\/comments?post=7223"}],"version-history":[{"count":3,"href":"https:\/\/arapcaogreniyorum.com.tr\/index.php\/wp-json\/wp\/v2\/pages\/7223\/revisions"}],"predecessor-version":[{"id":8982,"href":"https:\/\/arapcaogreniyorum.com.tr\/index.php\/wp-json\/wp\/v2\/pages\/7223\/revisions\/8982"}],"up":[{"embeddable":true,"href":"https:\/\/arapcaogreniyorum.com.tr\/index.php\/wp-json\/wp\/v2\/pages\/4892"}],"wp:attachment":[{"href":"https:\/\/arapcaogreniyorum.com.tr\/index.php\/wp-json\/wp\/v2\/media?parent=7223"}],"curies":[{"name":"wp","href":"https:\/\/api.w.org\/{rel}","templated":true}]}}