{"id":8369,"date":"2023-05-31T05:41:01","date_gmt":"2023-05-31T05:41:01","guid":{"rendered":"https:\/\/arapcaogreniyorum.com.tr\/?page_id=8369"},"modified":"2023-05-31T05:42:24","modified_gmt":"2023-05-31T05:42:24","slug":"482-sayfa-42-sura01-10","status":"publish","type":"page","link":"https:\/\/arapcaogreniyorum.com.tr\/index.php\/482-sayfa-42-sura01-10\/","title":{"rendered":"482.Sayfa-42.\u015e\u00fbr\u00e2:01-10"},"content":{"rendered":"\n<figure class=\"wp-block-embed is-type-video is-provider-youtube wp-block-embed-youtube wp-embed-aspect-4-3 wp-has-aspect-ratio\"><div class=\"wp-block-embed__wrapper\">\n<iframe title=\"42 \u015eura Suresi Kelime Meali 01-10. ayetler (K\u0131r\u0131k Meal)\" width=\"640\" height=\"480\" src=\"https:\/\/www.youtube.com\/embed\/2wKgfpRJjdI?feature=oembed\" frameborder=\"0\" allow=\"accelerometer; autoplay; clipboard-write; encrypted-media; gyroscope; picture-in-picture; web-share\" referrerpolicy=\"strict-origin-when-cross-origin\" allowfullscreen><\/iframe>\n<\/div><\/figure>\n\n\n\n<h1 class=\"wp-block-heading\">42. \u015e\u00dbR\u00c2 S\u00dbRES\u0130<\/h1>\n\n\n\n<p><em>(Mekke d\u00f6neminin ortalar\u0131nda inen bu s\u00fcre 53 ayettir. \u0130smini 38. ayette ge\u00e7en \u015e\u00fbr\u00e2&#8217;dan al\u0131r. \u015e\u00fbr\u00e2 &#8220;Dan\u0131\u015fma Kurulu&#8221; demektir.)<\/em><\/p>\n\n\n\n<p><strong>Rahman ve Rahim&nbsp; Allah&#8217;\u0131n ad\u0131yla.<\/strong><\/p>\n\n\n\n<p><sup>1.<\/sup> H\u00e2 m\u00eem. <sup>2.<\/sup> Ay\u0131n, Sin, Kaf. <sup>3.<\/sup> \u0130\u015fte b\u00f6yle vahyediyor sana ve senden \u00f6ncekilere, Aziz ve hakim olan Allah!<\/p>\n\n\n\n<p><sup>4.<\/sup> G\u00f6klerde ve yerde ne varsa O&#8217;nundur. O, y\u00fccedir. b\u00fcy\u00fckt\u00fcr!<\/p>\n\n\n\n<p><sup>5.<\/sup> G\u00f6kler, \u00fczerlerindekilerden dolay\u0131 az kals\u0131n \u00e7atlayacaklar\/parampar\u00e7a olacaklar. Melekler, Rab\u2019lerini hamd ederek tesbih ederler. Yery\u00fcz\u00fcndekiler i\u00e7in ba\u011f\u0131\u015flanma dilerler. \u0130yi bilin ki Allah, \u00e7ok ba\u011f\u0131\u015flay\u0131c\u0131 ve \u00e7ok \u015fefkatlidir.<\/p>\n\n\n\n<p><sup>6.<\/sup> Kendisinden ba\u015fka veli edinenleri, Allah, onlar\u0131 g\u00f6zetlemektedir. Onlara, sen vekil de\u011filsin!<\/p>\n\n\n\n<p><sup>7.<\/sup> Mekke ve \u00e7evresindekileri uyarman i\u00e7in, hakk\u0131nda hi\u00e7 bir ku\u015fkunun bulunmad\u0131\u011f\u0131 toplanma g\u00fcn\u00fc ile uyaras\u0131n diye; i\u015fte sana, b\u00f6yle Arap\u00e7a bir Kur&#8217;an vahyettik. O g\u00fcn insanlar\u0131n bir tak\u0131m\u0131 cennettedir, bir tak\u0131m\u0131 da \u00e7\u0131lg\u0131n alevler i\u00e7inde!<\/p>\n\n\n\n<p><sup>8.<\/sup> Allah dileseydi onlar\u0131 tek bir \u00fcmmet yapard\u0131. Fakat, diledi\u011fini rahmetine katar. Ama zalimlerin ne bir velisi vard\u0131r ne de bir yard\u0131mc\u0131s\u0131&#8230;<\/p>\n\n\n\n<p><sup>9.<\/sup> Yoksa onlar, O&#8217;ndan ba\u015fka veliler mi edindiler? Oysa Veli Allah\u2019t\u0131r.&nbsp; \u00d6l\u00fcleri dirilten O&#8217;dur. Her \u015feye g\u00fcc\u00fc yeten O&#8217;dur!<\/p>\n\n\n\n<p><sup>10.<\/sup> Hakk\u0131nda anla\u015fmazl\u0131\u011fa d\u00fc\u015ft\u00fc\u011f\u00fcn\u00fcz konuda h\u00fck\u00fcm Allah&#8217;a aittir. \u0130\u015fte o Allah, benim Rabbimdir. O&#8217;na ba\u011fland\u0131m ve O&#8217;na y\u00f6neldim.<\/p>\n\n\n\n<p><sup>11<\/sup> G\u00f6klerin ve yerin e\u015fsiz yarat\u0131c\u0131s\u0131d\u0131r. Size kendi i\u00e7inizden e\u015fler var etti. Hayvanlardan da e\u015fler yaratt\u0131. Sizi de bu \u015fekilde \u00fcretmektedir.<\/p>\n\n\n\n<p>O&#8217;nun bir benzeri yoktur. \u0130\u015fiten O&#8217;dur, g\u00f6ren O.<\/p>\n\n\n\n<p><sup>12.<\/sup> G\u00f6klerin ve yerin anahtarlar\u0131 O&#8217;nundur. O, diledi\u011fine r\u0131zk\u0131n\u0131 bol bol verir ve diledi\u011fine de bir \u00f6l\u00e7\u00fcyle. \u00c7\u00fcnk\u00fc O, her \u015feyi bilendir.<\/p>\n\n\n\n<p><sup>13.<\/sup> Dini ayakta tutun ve onda grup grup ayr\u0131lmay\u0131n, diye Allah&#8217;\u0131n Nuh&#8217;a tavsiye etti\u011fini, sana da vahyetti\u011fimizi, \u0130brahim&#8217;e, Musa&#8217;ya ve \u0130sa&#8217;ya tavsiye ettiklerini, size de dinin kurallar\u0131 yapm\u0131\u015ft\u0131r. M\u00fc\u015frikleri davet etti\u011fin \u015fey, onlara a\u011f\u0131r gelir. Allah, diledi\u011fini kendine se\u00e7er ve kendine y\u00f6nelen kimseye yol g\u00f6sterir.<\/p>\n\n\n\n<p><sup>14.<\/sup> Kendilerine ilim geldikten sonra, sadece aralar\u0131ndaki &#8220;haks\u0131z tecav\u00fcz&#8221; sebebiyle gruplara ayr\u0131ld\u0131lar.<\/p>\n\n\n\n<p>E\u011fer Rabbinden belirlenmi\u015f bir s\u00fcreye kadar bir s\u00f6z olmasayd\u0131, derhal aralar\u0131nda h\u00fck\u00fcm verilmi\u015f olurdu. Onlar\u0131n ard\u0131ndan kitaba miras\u00e7\u0131 olanlar da elbette ondan bir \u015f\u00fcphe ve teredd\u00fct i\u00e7indedirler.<\/p>\n\n\n\n<p><sup>15.<\/sup> O halde, davet et ve emr olundu\u011fun gibi dosdo\u011fru ol! Onlar\u0131n isteklerine uyma! ve \u015f\u00f6yle s\u00f6yle:<\/p>\n\n\n\n<p>\u2011Allah&#8217;\u0131n indirdi\u011fi t\u00fcm kitaplara inand\u0131m. Aran\u0131zda adaleti sa\u011flamakla emrolundum. Allah bizim de Rabbimizdir, sizin de Rabbinizdir. Bizim yapt\u0131klar\u0131m\u0131z bize sizin yapt\u0131klar\u0131n\u0131z sizedir. Bizimle sizin aran\u0131zda bir tart\u0131\u015fma yoktur. Allah, aram\u0131z\u0131 birle\u015ftirecektir ve d\u00f6n\u00fc\u015f O&#8217;nad\u0131r.<\/p>\n\n\n\n<p><sup>16.<\/sup> O&#8217;na icabet ettikten sonra Allah hakk\u0131nda tart\u0131\u015fanlar\u0131n delilleri Rab&#8217;leri kat\u0131nda bat\u0131ld\u0131r. Onlara gazap edilmi\u015ftir. Ve onlara \u015fiddetli bir azap vard\u0131r.<\/p>\n\n\n\n<p><sup>17.<\/sup> Kitab\u0131 hak ve adalet \u00f6l\u00e7\u00fcs\u00fc olarak indiren Allah&#8217;t\u0131r. Ne bilirsin belki de k\u0131yamet \u00e7ok yak\u0131nd\u0131r.<\/p>\n\n\n\n<p><sup>18.<\/sup> Ona inanmayanlar, onun \u00e7abucak gelmesini istiyorlar. \u0130man edenler ise ondan \u00e7ekinirler ve onun ger\u00e7ek oldu\u011funu bilirler. Bilin ki k\u0131yamet hakk\u0131nda tart\u0131\u015fanlar derin bir sap\u0131kl\u0131k i\u00e7indedirler.<\/p>\n\n\n\n<p><sup>19.<\/sup> Allah, kullar\u0131na kar\u015f\u0131 \u00e7ok l\u00fctufkard\u0131r. Diledi\u011fini r\u0131z\u0131kland\u0131r\u0131r. G\u00fc\u00e7l\u00fc ve galip olan O&#8217; dur.<\/p>\n\n\n\n<p><sup>20.<\/sup> Kim ahiret ekinini isterse, onun ekinini art\u0131r\u0131r\u0131z. Kim d\u00fcnya ekinini isterse ona da ondan veririz. Onun ahirette bir nasibi yoktur.<\/p>\n\n\n\n<p><sup>21.<\/sup> Yoksa onlar\u0131n hakimiyette ortaklar\u0131 m\u0131 var ki, Allah&#8217;\u0131n din hususunda izin vermedi\u011fi \u015feyleri kendileri i\u00e7in kanun yap\u0131yorlar? E\u011fer &#8220;aralama&#8221; s\u00f6z\u00fc olmasayd\u0131 hemen aralar\u0131nda i\u015f bitirilirdi. Ger\u00e7ekten zalimler i\u00e7in ac\u0131 bir azap vard\u0131r.<\/p>\n\n\n\n<p><sup>22.<\/sup> O ba\u015flar\u0131na geldi\u011fi zaman, kazand\u0131klar\u0131 y\u00fcz\u00fcnden zalimlerin tir tir titrediklerini g\u00f6r\u00fcrs\u00fcn. \u0130man edip, do\u011frular\u0131 yapanlar ise cennet bah\u00e7elerindedirler. Onlar i\u00e7in Rab&#8217;leri kat\u0131nda ne isterlerse vard\u0131r. \u0130\u015fte b\u00fcy\u00fck ikram budur.<\/p>\n\n\n\n<p><sup>23.<\/sup> Allah&#8217;\u0131n, iman eden ve do\u011frular\u0131 yapan kullar\u0131na m\u00fcjdeledi\u011fi i\u015fte budur. De ki:<\/p>\n\n\n\n<p>\u2011Buna kar\u015f\u0131l\u0131k sizden, yak\u0131nl\u0131k arzu etmekten ba\u015fka bir \u00fccret istemiyorum.<\/p>\n\n\n\n<p>Kim bir iyilik kazan\u0131rsa, ona iyili\u011fi art\u0131r\u0131r\u0131z. Ger\u00e7ekten Allah, ba\u011f\u0131\u015f\u0131 bol ve \u015f\u00fckredenlere kar\u015f\u0131l\u0131\u011f\u0131n\u0131 verendir.<\/p>\n\n\n\n<p><sup>24.<\/sup> Yoksa onlar:<\/p>\n\n\n\n<p>\u2011Allah hakk\u0131nda yalan uyduruyor.&#8221; mu diyorlar? E\u011fer Allah dilerse, kalbini m\u00fch\u00fcrler ve Allah, bat\u0131l\u0131 imha edip, s\u00f6zleriyle hakk\u0131 ger\u00e7ekle\u015ftirir. \u00c7\u00fcnk\u00fc O, kalplerin \u00f6z\u00fcn\u00fc bilendir.<\/p>\n\n\n\n<p><sup>25.<\/sup> Kullar\u0131ndan tevbeyi kabul eden, g\u00fcnahlar\u0131 ba\u011f\u0131\u015flayan ve yapt\u0131klar\u0131n\u0131z\u0131 bilen O&#8217;dur.<\/p>\n\n\n\n<p><sup>26.<\/sup> \u0130man eden ve do\u011frular\u0131 yapanlara icabet eder ve onlara l\u00fctfunu art\u0131r\u0131r. Kafirlere gelince, onlara \u015fiddetli bir azap vard\u0131r.<\/p>\n\n\n\n<p><sup>27.<\/sup> \u015eayet Allah, kullar\u0131na r\u0131zk\u0131 yaym\u0131\u015f olsayd\u0131, elbette yery\u00fcz\u00fcnde azg\u0131nl\u0131k ederlerdi. Fakat O, diledi\u011fi miktarda indirir. \u00c7\u00fcnk\u00fc O kullar\u0131ndan haberdar ve (onlar\u0131) g\u00f6rendir.<\/p>\n\n\n\n<p><sup>28.<\/sup> (Kullar\u0131) umutlar\u0131n\u0131 kestikten sonra ya\u011fmur indirip, rahmetini yayan O&#8217;dur. Koruyup g\u00f6zeten O&#8217;dur. Hamde lay\u0131k olan da O&#8217;dur.<\/p>\n\n\n\n<p><sup>29.<\/sup> G\u00f6klerin ve yerin yarat\u0131lmas\u0131 ve oralarda canl\u0131lar\u0131n yay\u0131lmas\u0131 da O&#8217;nun belgelerindendir. Diledi\u011fi zaman onlar\u0131 toplamaya kadir olan da O&#8217;dur.<\/p>\n\n\n\n<p><sup>30.<\/sup> Ba\u015f\u0131n\u0131za gelen her musibet, ellerinizle yapt\u0131klar\u0131n\u0131z\u0131 sebebiyledir. \u00c7o\u011funu da affeder.<\/p>\n\n\n\n<p><sup>31.<\/sup> Yoksa siz, yery\u00fcz\u00fcnde bir yere ka\u00e7\u0131p kurtulamazs\u0131n\u0131z. Sizin Allah&#8217;tan ba\u015fka bir sahibiniz de yard\u0131mc\u0131n\u0131z da yoktur.<\/p>\n\n\n\n<p><sup>32.<\/sup> Deniz de da\u011flar gibi gemilerin ak\u0131p gitmesi onun ayetlerindendir.<\/p>\n\n\n\n<p><sup>33.<\/sup> Dilerse r\u00fczgar\u0131 durdurur da su \u00fcst\u00fcnde kalakal\u0131rlar. \u0130\u015fte bunda da \u00e7ok sabreden ve \u015f\u00fckreden herkes i\u00e7in ayetler vard\u0131r.<\/p>\n\n\n\n<p><sup>34.<\/sup> Veya i\u015fledikleri sebebiyle onlar\u0131 helak eder, bir \u00e7o\u011funu da affeder.<\/p>\n\n\n\n<p><sup>35.<\/sup> Ayetlerimiz hakk\u0131nda m\u00fccadele edenler bilsinler ki onlar\u0131n ka\u00e7\u0131p kurtulaca\u011f\u0131 bir yer yoktur.<\/p>\n\n\n\n<p><sup>36.<\/sup> Size verilen \u015feyler d\u00fcnya hayat\u0131n\u0131n ge\u00e7imli\u011fidir. Allah kat\u0131ndaki \u015feyler ise, iman edenler ve Rablerine ba\u011flananlar i\u00e7in daha hay\u0131rl\u0131 ve daha kal\u0131c\u0131d\u0131r.<\/p>\n\n\n\n<p><sup>37.<\/sup> G\u00fcnah\u0131n b\u00fcy\u00fc\u011f\u00fcnden ve ahlaks\u0131zl\u0131klardan ka\u00e7\u0131nanlar, \u00f6fkelendikleri zaman ba\u011f\u0131\u015flarlar.<\/p>\n\n\n\n<p><sup>38.<\/sup> Rab&#8217;lerinin \u00e7a\u011fr\u0131s\u0131na ko\u015farlar, namazlar\u0131n\u0131 k\u0131larlar ve onlar\u0131n i\u015fleri aralar\u0131ndaki \u015f\u00fbr\u00e2 iledir. Kendilerine verdi\u011fimiz r\u0131z\u0131klardan da infak ederler.<\/p>\n\n\n\n<p><sup>39.<\/sup> Haklar\u0131na tecav\u00fcz edildi\u011fi zaman, birlik olup kar\u015f\u0131 koyarlar.<\/p>\n\n\n\n<p><sup>40.<\/sup> Bir k\u00f6t\u00fcl\u00fc\u011f\u00fcn cezas\u0131, onun benzeri bir k\u00f6t\u00fcl\u00fckt\u00fcr. Kim de affeder ve d\u00fczeltirse, onun m\u00fckafat\u0131 Allah&#8217;a aittir. Allah, zalimleri sevmez.<\/p>\n\n\n\n<p><sup>41.<\/sup> Zulme u\u011frad\u0131ktan sonra \u00f6c\u00fcn\u00fc alan kimse i\u00e7in, art\u0131k onlar\u0131n aleyhine bir yol yoktur.<\/p>\n\n\n\n<p><sup>42.<\/sup> Yol ancak, insanlar zulmeden ve yery\u00fcz\u00fcnde haks\u0131z olarak tecav\u00fczde bulunanlard\u0131r. \u0130\u015fte onlara ac\u0131 bir azap vard\u0131r.<\/p>\n\n\n\n<p><sup>43.<\/sup> Kim de sabreder ve ba\u011f\u0131\u015flarsa, i\u015fte bu ger\u00e7ekten i\u015flerin en \u015fereflisidir.<\/p>\n\n\n\n<p><sup>44.<\/sup> Allah kimi sap\u0131kl\u0131kta b\u0131rak\u0131rsa, art\u0131k bundan sonra onun hi\u00e7 bir velisi yoktur. Azab\u0131 g\u00f6rd\u00fckleri zaman, zalimlerin \u015f\u00f6yle dedi\u011fini g\u00f6receksin:<\/p>\n\n\n\n<p>\u2011Geri d\u00f6nmeye bir yol var m\u0131?<\/p>\n\n\n\n<p><sup>45.<\/sup> Onlar\u0131n ate\u015fe sunulurken al\u00e7alt\u0131lman\u0131n korkusu ile, gizlice g\u00f6z ucuyla bakt\u0131klar\u0131n\u0131 g\u00f6r\u00fcrs\u00fcn. \u0130man edenler \u015f\u00f6yle der:<\/p>\n\n\n\n<p>\u2011H\u00fcsrana u\u011frayanlar, k\u0131yamet g\u00fcn\u00fc hem kendilerini, hem de ailelerini h\u00fcsrana u\u011fratm\u0131\u015flard\u0131r, \u015eunu iyi bilin ki zalimler kal\u0131c\u0131 bir azap i\u00e7indedirler.<\/p>\n\n\n\n<p><sup>46.<\/sup> Onlar\u0131n, Allah&#8217;tan ba\u015fka kendilerine yard\u0131m edecek hi\u00e7 bir velileri yoktur. Allah&#8217;\u0131n sap\u0131kl\u0131kta b\u0131rakt\u0131\u011f\u0131 kimse i\u00e7in bir yol yoktur.<\/p>\n\n\n\n<p><sup>47.<\/sup> \u2011Allah taraf\u0131ndan geri \u00e7evrilmesi olmayan bir g\u00fcn gelmeden \u00f6nce Rabbinize cevap verin. O g\u00fcn sizin i\u00e7in ne s\u0131\u011f\u0131nacak bir yer var ne de inkar&#8230;<\/p>\n\n\n\n<p><sup>48.<\/sup> E\u011fer s\u0131rt \u00e7evirirlerse, seni onlara bek\u00e7i olarak g\u00f6ndermedik. Sana d\u00fc\u015fen ancak tebli\u011f etmektir.<\/p>\n\n\n\n<p>Biz insana kendimizden bir rahmet tatt\u0131rd\u0131\u011f\u0131m\u0131z zaman, ona sevinir. E\u011fer, kendi eliyle i\u015fledikleri sebebiyle bir k\u00f6t\u00fcl\u00fck dokunursa, insan hemen nank\u00f6r kesilir.<\/p>\n\n\n\n<p><sup>49.<\/sup> G\u00f6klerin ve yerin hakimiyeti Allah&#8217;a aittir. Diledi\u011fini yarat\u0131r. Diledi\u011fine k\u0131z \u00e7ocuklar\u0131 ba\u011f\u0131\u015flar, diledi\u011fine erkek \u00e7ocuklar\u0131..<\/p>\n\n\n\n<p><sup>50.<\/sup> Veya erkekler ve k\u0131zlar olarak \u00e7ift verir. Diledi\u011fini de k\u0131s\u0131r yapar. \u015e\u00fcphesiz O, her \u015feyi bilen ve g\u00fc\u00e7 yetirendir.<\/p>\n\n\n\n<p><sup>51.<\/sup> Bir insan\u0131n, vahiy d\u0131\u015f\u0131nda veya perde arkas\u0131ndan ya da bir el\u00e7i g\u00f6nderilmeksizin Allah ile konu\u015fmas\u0131 m\u00fcmk\u00fcn de\u011fildir. \u0130\u015fte bu \u015fekilde O, diledi\u011fine kendi izni ile vahyeder. O, \u00e7ok y\u00fcce ve hakimdir.<\/p>\n\n\n\n<p><sup>52.<\/sup> \u0130\u015fte bu \u015fekilde sana da emrimizden bir ruhu\/\u00f6z\u00fc vahyettik. Sen kitap nedir, iman nedir bilmezdin. Fakat, onu kullar\u0131m\u0131zdan diledi\u011fimize onunla yol g\u00f6sterelim diye bir nur\/ayd\u0131nlat\u0131c\u0131 k\u0131ld\u0131k. \u015e\u00fcphesiz sen, dosdo\u011fru bir yola y\u00f6neliyorsun.<\/p>\n\n\n\n<p><sup>53.<\/sup> G\u00f6klerde ve yerde olan her \u015feyin sahibi olan Allah&#8217;\u0131n yoluna&#8230; \u0130yi bilin ki Allah&#8217;a d\u00f6ner b\u00fct\u00fcn i\u015fler!<\/p>\n","protected":false},"excerpt":{"rendered":"<p>42. \u015e\u00dbR\u00c2 S\u00dbRES\u0130 (Mekke d\u00f6neminin ortalar\u0131nda inen bu s\u00fcre 53 ayettir. \u0130smini 38. ayette ge\u00e7en \u015e\u00fbr\u00e2&#8217;dan al\u0131r. \u015e\u00fbr\u00e2 &#8220;Dan\u0131\u015fma Kurulu&#8221;&#8230;<\/p>\n","protected":false},"author":2,"featured_media":0,"parent":0,"menu_order":0,"comment_status":"closed","ping_status":"closed","template":"","meta":{"om_disable_all_campaigns":false,"footnotes":""},"class_list":["post-8369","page","type-page","status-publish","hentry"],"aioseo_notices":[],"jetpack_sharing_enabled":true,"_links":{"self":[{"href":"https:\/\/arapcaogreniyorum.com.tr\/index.php\/wp-json\/wp\/v2\/pages\/8369","targetHints":{"allow":["GET"]}}],"collection":[{"href":"https:\/\/arapcaogreniyorum.com.tr\/index.php\/wp-json\/wp\/v2\/pages"}],"about":[{"href":"https:\/\/arapcaogreniyorum.com.tr\/index.php\/wp-json\/wp\/v2\/types\/page"}],"author":[{"embeddable":true,"href":"https:\/\/arapcaogreniyorum.com.tr\/index.php\/wp-json\/wp\/v2\/users\/2"}],"replies":[{"embeddable":true,"href":"https:\/\/arapcaogreniyorum.com.tr\/index.php\/wp-json\/wp\/v2\/comments?post=8369"}],"version-history":[{"count":2,"href":"https:\/\/arapcaogreniyorum.com.tr\/index.php\/wp-json\/wp\/v2\/pages\/8369\/revisions"}],"predecessor-version":[{"id":8371,"href":"https:\/\/arapcaogreniyorum.com.tr\/index.php\/wp-json\/wp\/v2\/pages\/8369\/revisions\/8371"}],"wp:attachment":[{"href":"https:\/\/arapcaogreniyorum.com.tr\/index.php\/wp-json\/wp\/v2\/media?parent=8369"}],"curies":[{"name":"wp","href":"https:\/\/api.w.org\/{rel}","templated":true}]}}