{"id":8382,"date":"2023-05-31T06:48:56","date_gmt":"2023-05-31T06:48:56","guid":{"rendered":"https:\/\/arapcaogreniyorum.com.tr\/?page_id=8382"},"modified":"2023-05-31T06:48:58","modified_gmt":"2023-05-31T06:48:58","slug":"488-sayfa-42-sura52-53","status":"publish","type":"page","link":"https:\/\/arapcaogreniyorum.com.tr\/index.php\/kelime-kelime-meal\/488-sayfa-42-sura52-53\/","title":{"rendered":"488.Sayfa-42.\u015e\u00fbr\u00e2:52-53"},"content":{"rendered":"\n<figure class=\"wp-block-embed is-type-video is-provider-youtube wp-block-embed-youtube wp-embed-aspect-4-3 wp-has-aspect-ratio\"><div class=\"wp-block-embed__wrapper\">\n<iframe title=\"42. \u015eura Suresi: 52-53\" width=\"640\" height=\"480\" src=\"https:\/\/www.youtube.com\/embed\/oREah3H3RPM?feature=oembed\" frameborder=\"0\" allow=\"accelerometer; autoplay; clipboard-write; encrypted-media; gyroscope; picture-in-picture; web-share\" referrerpolicy=\"strict-origin-when-cross-origin\" allowfullscreen><\/iframe>\n<\/div><\/figure>\n\n\n\n<p><sup>52.<\/sup> \u0130\u015fte bu \u015fekilde sana da emrimizden bir ruhu\/\u00f6z\u00fc vahyettik. Sen kitap nedir, iman nedir bilmezdin. Fakat, onu kullar\u0131m\u0131zdan diledi\u011fimize onunla yol g\u00f6sterelim diye bir nur\/ayd\u0131nlat\u0131c\u0131 k\u0131ld\u0131k. \u015e\u00fcphesiz sen, dosdo\u011fru bir yola y\u00f6neliyorsun. <sup>53.<\/sup> G\u00f6klerde ve yerde olan her \u015feyin sahibi olan Allah&#8217;\u0131n yoluna&#8230; \u0130yi bilin ki Allah&#8217;a d\u00f6ner b\u00fct\u00fcn i\u015fler!<\/p>\n","protected":false},"excerpt":{"rendered":"<p>52. \u0130\u015fte bu \u015fekilde sana da emrimizden bir ruhu\/\u00f6z\u00fc vahyettik. Sen kitap nedir, iman nedir bilmezdin. Fakat, onu kullar\u0131m\u0131zdan diledi\u011fimize&#8230;<\/p>\n","protected":false},"author":2,"featured_media":0,"parent":5624,"menu_order":0,"comment_status":"closed","ping_status":"closed","template":"","meta":{"om_disable_all_campaigns":false,"footnotes":""},"class_list":["post-8382","page","type-page","status-publish","hentry"],"aioseo_notices":[],"jetpack_sharing_enabled":true,"_links":{"self":[{"href":"https:\/\/arapcaogreniyorum.com.tr\/index.php\/wp-json\/wp\/v2\/pages\/8382","targetHints":{"allow":["GET"]}}],"collection":[{"href":"https:\/\/arapcaogreniyorum.com.tr\/index.php\/wp-json\/wp\/v2\/pages"}],"about":[{"href":"https:\/\/arapcaogreniyorum.com.tr\/index.php\/wp-json\/wp\/v2\/types\/page"}],"author":[{"embeddable":true,"href":"https:\/\/arapcaogreniyorum.com.tr\/index.php\/wp-json\/wp\/v2\/users\/2"}],"replies":[{"embeddable":true,"href":"https:\/\/arapcaogreniyorum.com.tr\/index.php\/wp-json\/wp\/v2\/comments?post=8382"}],"version-history":[{"count":1,"href":"https:\/\/arapcaogreniyorum.com.tr\/index.php\/wp-json\/wp\/v2\/pages\/8382\/revisions"}],"predecessor-version":[{"id":8383,"href":"https:\/\/arapcaogreniyorum.com.tr\/index.php\/wp-json\/wp\/v2\/pages\/8382\/revisions\/8383"}],"up":[{"embeddable":true,"href":"https:\/\/arapcaogreniyorum.com.tr\/index.php\/wp-json\/wp\/v2\/pages\/5624"}],"wp:attachment":[{"href":"https:\/\/arapcaogreniyorum.com.tr\/index.php\/wp-json\/wp\/v2\/media?parent=8382"}],"curies":[{"name":"wp","href":"https:\/\/api.w.org\/{rel}","templated":true}]}}