{"id":8385,"date":"2023-05-31T06:51:39","date_gmt":"2023-05-31T06:51:39","guid":{"rendered":"https:\/\/arapcaogreniyorum.com.tr\/?page_id=8385"},"modified":"2023-05-31T06:51:42","modified_gmt":"2023-05-31T06:51:42","slug":"zuhruf-suresi","status":"publish","type":"page","link":"https:\/\/arapcaogreniyorum.com.tr\/index.php\/kuran-i-kerim\/zuhruf-suresi\/","title":{"rendered":"Zuhruf S\u00fbresi"},"content":{"rendered":"\n<figure class=\"wp-block-embed is-type-video is-provider-youtube wp-block-embed-youtube wp-embed-aspect-16-9 wp-has-aspect-ratio\"><div class=\"wp-block-embed__wrapper\">\n<iframe title=\"Zuhruf suresi anlam\u0131 dinle Abdurrahman el Ussi (Zuhruf suresi arap\u00e7a yaz\u0131l\u0131\u015f\u0131 okunu\u015fu ve meali)\" width=\"640\" height=\"360\" src=\"https:\/\/www.youtube.com\/embed\/8rA0AC7_L8I?feature=oembed\" frameborder=\"0\" allow=\"accelerometer; autoplay; clipboard-write; encrypted-media; gyroscope; picture-in-picture; web-share\" referrerpolicy=\"strict-origin-when-cross-origin\" allowfullscreen><\/iframe>\n<\/div><\/figure>\n\n\n\n<h1 class=\"wp-block-heading\">43. ZUHR\u00dbF S\u00dbRES\u0130<\/h1>\n\n\n\n<p><em>(Ad\u0131n\u0131 35. ayette ge\u00e7en &#8220;zuhruf&#8221; kelimesinden alan S\u00fbre, Mekke d\u00f6neminin ortalar\u0131nda indirilmi\u015ftir. Zuhruf, alt\u0131n, s\u00fcs, ziynet, m\u00fccevher anlamlar\u0131na gelir. Genel mesaj, Allah&#8217;\u0131n insano\u011fluna sahip oldu\u011fu &#8220;zuhruf &#8220;dolay\u0131s\u0131yla de\u011fil, takva elbisesi, kalbi<\/em><em> <\/em><em>meziyetleri nedeniyle de\u011fer verdi\u011fi ger\u00e7e\u011fi \u00fczerine kuruludur. 89 ayettir.)<\/em><\/p>\n\n\n\n<p><strong>Rahman ve Rahim&nbsp; Allah&#8217; \u0131n ad\u0131yla<\/strong><\/p>\n\n\n\n<p><sup>1.<\/sup> H\u00e2 M\u00eem.<\/p>\n\n\n\n<p><sup>2.<\/sup> Apa\u00e7\u0131k kitaba andolsun ki..<\/p>\n\n\n\n<p><sup>3.<\/sup> Biz onu anlayas\u0131n\u0131z diye Arap\u00e7a okuma\/Kur&#8217;an k\u0131ld\u0131k.<\/p>\n\n\n\n<p><sup>4.<\/sup> O, kat\u0131m\u0131zdaki ana kitaptad\u0131r. Y\u00fcce ve hikmet sahibidir.<\/p>\n\n\n\n<p><sup>5.<\/sup> \u2011Siz azg\u0131nl\u0131k eden bir toplumsunuz diye sizi Kur&#8217;an ile uyarmaktan vaz m\u0131 ge\u00e7elim?<\/p>\n\n\n\n<p><sup>6.<\/sup> Biz, \u00f6ncekiler i\u00e7in de nice peygamberler g\u00f6nderdik.<\/p>\n\n\n\n<p><sup>7.<\/sup> Onlara hi\u00e7 bir peygamber gelmedi ki onunla alay etmi\u015f olmas\u0131nlar.<\/p>\n\n\n\n<p><sup>8.<\/sup> Onlardan daha g\u00fc\u00e7l\u00fc olanlar\u0131 da helak ettik. \u00d6ncekilerin \u00f6rne\u011fi ge\u00e7ti.<\/p>\n\n\n\n<p><sup>9.<\/sup> Onlara:<\/p>\n\n\n\n<p>\u2011G\u00f6kleri ve yeri kim yaratt\u0131? diye sorsan:<\/p>\n\n\n\n<p>\u2011Onlar\u0131, g\u00fc\u00e7l\u00fc ve bilgin olan Allah yaratt\u0131 derler.<\/p>\n\n\n\n<p><sup>10.<\/sup> O, sizin i\u00e7in, yeri bir be\u015fik k\u0131ld\u0131, orada do\u011fru yolu bulas\u0131n\u0131z diye yollar yapt\u0131.<\/p>\n\n\n\n<p><sup>11.<\/sup> O, g\u00f6kten bir \u00f6l\u00e7\u00fcyle su indirendir. Onunla \u00f6l\u00fc bir beldeyi canland\u0131rd\u0131k. Sizde i\u015fte b\u00f6yle \u00e7\u0131kar\u0131lacaks\u0131n\u0131z.<\/p>\n\n\n\n<p><sup>12.<\/sup> O, b\u00fct\u00fcn \u00e7iftleri yaratan, sizin gemi ve hayvanlardan \u00fczerine bindi\u011finiz \u015feyleri var edendir.<\/p>\n\n\n\n<p><sup>13\u201114.<\/sup> Onlar\u0131n s\u0131rtlar\u0131na binip oturman\u0131z, sonra da: Rabbinizin nimetlerini hat\u0131rlaman\u0131z, onlara yerle\u015ftikten sonra da:<\/p>\n\n\n\n<p>\u2011Bunu, hizmetimize veren Allah ne y\u00fccedir. Yoksa buna bizim g\u00fcc\u00fcm\u00fcz yetmezdi ve biz elbette Rabbimize d\u00f6nece\u011fiz demeniz i\u00e7in..<\/p>\n\n\n\n<p><sup>15.<\/sup> (Buna ra\u011fmen) O&#8217;na, kendi kullar\u0131ndan bir par\u00e7a yak\u0131\u015ft\u0131rd\u0131lar. \u0130nsan ger\u00e7ekten apa\u00e7\u0131k bir nank\u00f6rd\u00fcr.<\/p>\n\n\n\n<p><sup>16.<\/sup> Yoksa O, yaratt\u0131klar\u0131ndan k\u0131zlar\u0131 kendi ald\u0131 da o\u011fullar\u0131 size mi ay\u0131rd\u0131? <sup>17.<\/sup> Oysa onlardan biri, Rahman&#8217;a isnat etti\u011fi (bir k\u0131z \u00e7ocu\u011fu) ile m\u00fcjdelendi\u011fi zaman, i\u00e7i kah\u0131r dolu olarak y\u00fcz\u00fc simsiyah kesilir.<\/p>\n\n\n\n<p><sup>18.<\/sup> -S\u00fcs i\u00e7inde yeti\u015ftirilen (k\u0131z \u00e7ocu\u011fu mu? diye d\u00fc\u015f\u00fcn\u00fcp)&nbsp; kendini belli belirsiz bir \u00e7at\u0131\u015fman\u0131n i\u00e7inde bulan\u0131 m\u0131? (Allah&#8217;a yak\u0131\u015ft\u0131r\u0131yorlar)<\/p>\n\n\n\n<p><sup>19.<\/sup> Rahman&#8217;\u0131n kullar\u0131 olan melekleri di\u015fi sayd\u0131lar. Onlar\u0131n yarat\u0131l\u0131\u015flar\u0131na m\u0131 \u015fahit oldular? Onlar\u0131n bu \u015fahitlikleri yaz\u0131lacak ve onlara sorulacakt\u0131r.<\/p>\n\n\n\n<p><sup>20.<\/sup> E\u011fer Rahman dilemi\u015f olsayd\u0131, biz onlara kulluk etmezdik, dediler. Bu hususta bir bilgileri yoktur. Onlar, sadece yalan s\u00f6ylemektedirler.<\/p>\n\n\n\n<p><sup>21.<\/sup> Yoksa daha \u00f6nceden onlara bir kitap verdik de, onlar o kitaba m\u0131 tutunuyorlar?<\/p>\n\n\n\n<p><sup>22.<\/sup> Bilakis \u015f\u00f6yle dediler:<\/p>\n\n\n\n<p>\u2011Biz, atalar\u0131m\u0131z\u0131 bir din \u00fczerinde bulduk, biz de onlar\u0131n izinde dosdo\u011fru gitmekteyiz.<\/p>\n\n\n\n<p><sup>23.<\/sup> Senden \u00f6nce de bir beldeye uyar\u0131c\u0131 g\u00f6nderdi\u011fimizde hemen oran\u0131n refahtan \u015f\u0131marm\u0131\u015f ileri gelenleri:<\/p>\n\n\n\n<p>\u2011Biz atalar\u0131m\u0131z\u0131 bir din \u00fczerinde bulduk, biz de onlar\u0131n izinden gidiyoruz, demi\u015flerdi.<\/p>\n\n\n\n<p><sup>24.<\/sup> \u2011Size, atalar\u0131n\u0131z\u0131 \u00fczerinde buldu\u011funuzdan daha do\u011fru bir \u015fey getirmi\u015f olsam da m\u0131? dedi. Onlar:<\/p>\n\n\n\n<p>\u2011Biz, sizinle g\u00f6nderileni tan\u0131m\u0131yoruz, dediler.<\/p>\n\n\n\n<p><sup>25.<\/sup> Biz de onlar\u0131 cezaland\u0131rm\u0131\u015ft\u0131k. Bir bak, yalanlayanlar\u0131n ak\u0131beti nas\u0131l oldu?<\/p>\n\n\n\n<p><sup>26.<\/sup> Hani \u0130brahim babas\u0131na ve kavmine demi\u015fti ki:<\/p>\n\n\n\n<p>\u2011Ben sizin kulluk ettiklerinizden uza\u011f\u0131m.<\/p>\n\n\n\n<p><sup>27.<\/sup> Ancak beni yaratana kulluk ederim. \u00c7\u00fcnk\u00fc O bana do\u011fru yolu g\u00f6sterecektir.<\/p>\n\n\n\n<p><sup>28.<\/sup> Onu, belki d\u00f6nerler diye arkas\u0131nda kal\u0131c\u0131 bir s\u00f6z haline getirdi.<\/p>\n\n\n\n<p><sup>29.<\/sup> Evet, onlar\u0131 ve atalar\u0131n\u0131 kendilerine hak ve apa\u00e7\u0131k bir el\u00e7i gelinceye kadar nimetlendirdim.<\/p>\n\n\n\n<p><sup>30.<\/sup> Onlara hak geldi\u011fi zaman:<\/p>\n\n\n\n<p>\u2011Bu bir aldatmacad\u0131r, biz onu tan\u0131m\u0131yoruz. dediler.<\/p>\n\n\n\n<p><sup>31.<\/sup> \u2011Bu Kur&#8217;an iki \u015fehrin b\u00fcy\u00fcklerinden bir adama indirilmeli de\u011fil miydi? dediler.<\/p>\n\n\n\n<p><sup>32.<\/sup> Rabbinin rahmetini onlar m\u0131 taksim ediyor? D\u00fcnya hayat\u0131nda onlar\u0131n ge\u00e7imliklerini aralar\u0131nda biz payla\u015ft\u0131rd\u0131k. Onlardan bir b\u00f6l\u00fcm\u00fcn\u00fc, birbirlerine i\u015f g\u00f6rd\u00fcrebilsinler diye di\u011ferlerinin \u00fczerinde derecelerle y\u00fckselttik. Rabbinin rahmeti onlar\u0131n toplad\u0131klar\u0131ndan daha hay\u0131rl\u0131d\u0131r.<\/p>\n\n\n\n<p><sup>33.<\/sup> E\u011fer insanlar tek bir toplum olmayacak olsayd\u0131, Rahman&#8217;a nank\u00f6rl\u00fck edenlerin evlerinin \u00e7at\u0131lar\u0131n\u0131 ve \u00fczerine \u00e7\u0131k\u0131p y\u00fckseldikleri merdivenleri g\u00fcm\u00fc\u015ften yapard\u0131k.<\/p>\n\n\n\n<p><sup>34.<\/sup> Kap\u0131lar\u0131n\u0131 ve arkalar\u0131na yasland\u0131klar\u0131 koltuklar\u0131<\/p>\n\n\n\n<p><sup>35.<\/sup> Ve s\u00fcsleri de&#8230; Bunlar\u0131n hepsi ge\u00e7ici hayat\u0131n ge\u00e7imli\u011fidir. Ahiret ise Rabbin kat\u0131nda korunanlara aittir.<\/p>\n\n\n\n<p><sup>36.<\/sup> Allah&#8217;\u0131n zikrini\/Kur&#8217;an&#8217;\u0131 umursamayan kimseye bir \u015feytan\u0131 musallat ederiz de onun yak\u0131n bir dostu olur.<\/p>\n\n\n\n<p><sup>37.<\/sup> Onlar, bunlar\u0131 yoldan \u00e7\u0131kar\u0131rlar da, yine de kendilerini do\u011fru yolda san\u0131rlar.<\/p>\n\n\n\n<p><sup>38.<\/sup> Nihayet, bize geldi\u011fi zaman:<\/p>\n\n\n\n<p>\u2011Ke\u015fke benimle senin aranda do\u011fu ve bat\u0131 kadar uzakl\u0131k olsayd\u0131. Ne k\u00f6t\u00fc bir dostmu\u015fsun!<\/p>\n\n\n\n<p><sup>39.<\/sup> O g\u00fcn bu (pi\u015fmanl\u0131k) size bir fayda sa\u011flamayacakt\u0131r. \u00c7\u00fcnk\u00fc siz zalimlik ettiniz. Azapta da art\u0131k ortaks\u0131n\u0131z.<\/p>\n\n\n\n<p><sup>40.<\/sup> \u2011\u015eimdi, sa\u011f\u0131ra sen mi i\u015fittireceksin? Veya k\u00f6r olan ve apa\u00e7\u0131k sap\u0131kl\u0131kta bulunan kimseye sen mi yol mu g\u00f6stereceksin?<\/p>\n\n\n\n<p><sup>41.<\/sup> Biz, seni al\u0131p g\u00f6t\u00fcrsek de onlardan intikam alaca\u011f\u0131z;<\/p>\n\n\n\n<p><sup>42.<\/sup> Onlara vaat etti\u011fimizi sana g\u00f6stersek de.. Elbette biz, onlara g\u00fc\u00e7 yetiririz!<\/p>\n\n\n\n<p><sup>43.<\/sup> Sen, sana vahyolunana s\u0131ms\u0131k\u0131 tutun. \u00c7\u00fcnk\u00fc sen, dosdo\u011fru bir yol \u00fczerindesin!<\/p>\n\n\n\n<p><sup>44.<\/sup> \u015e\u00fcphesiz, (Kur&#8217;an) senin i\u00e7in ve kavmin i\u00e7in de sorgulanaca\u011f\u0131n\u0131z bir hat\u0131rlatmad\u0131r.<\/p>\n\n\n\n<p><sup>45.<\/sup> Senden \u00f6nce g\u00f6nderdi\u011fimiz peygamberlerimizden sor. Bakal\u0131m, Rahman&#8217;dan ba\u015fka kulluk edilecek ilahlar var etmi\u015f miyiz?<\/p>\n\n\n\n<p><sup>46.<\/sup> Musa&#8217;y\u0131 ayetlerimizle Firavun&#8217;a ve kurmaylar\u0131na g\u00f6ndermi\u015ftik:<\/p>\n\n\n\n<p>\u2011\u015e\u00fcphesiz ben, evrenin sahibinin el\u00e7isiyim, dedi.<\/p>\n\n\n\n<p><sup>47.<\/sup> Onlara ayetlerle geldi\u011fi zaman onlar, ona g\u00fcl\u00fcp ge\u00e7mi\u015flerdi.<\/p>\n\n\n\n<p><sup>48.<\/sup> Onlara g\u00f6sterdi\u011fimiz her mucize, bir \u00f6ncekinden daha b\u00fcy\u00fck idi. Belki d\u00f6nerler diye onlar\u0131 azab\u0131m\u0131zla yakalam\u0131\u015ft\u0131k.<\/p>\n\n\n\n<p><sup>49.<\/sup> \u2011Ey sihirbaz! sana verdi\u011fi s\u00f6ze dayanarak bizim i\u00e7in Rabbine dua et, muhakkak biz de do\u011fru yolu bulaca\u011f\u0131z, demi\u015flerdi.<\/p>\n\n\n\n<p><sup>50.<\/sup> Onlardan azab\u0131 kald\u0131rd\u0131\u011f\u0131m\u0131z zaman da hemen s\u00f6zlerini bozuyorlard\u0131.<\/p>\n\n\n\n<p><sup>51.<\/sup> Firavun ulusuna seslenerek:<\/p>\n\n\n\n<p>\u2011Ey ulusum, M\u0131s\u0131r&#8217;\u0131n ve alt\u0131mda akan \u015fu \u0131rmaklar\u0131n hakimiyeti bana ait de\u011fil mi? Bunu g\u00f6rm\u00fcyor musunuz?<\/p>\n\n\n\n<p><sup>52.<\/sup> Yoksa ben, \u015fu hakir ve neredeyse konu\u015famayan adamdan daha iyi de\u011fil miyim?<\/p>\n\n\n\n<p><sup>53.<\/sup> \u2011Ona alt\u0131n bilezikler verilmeli veya onunla birlikte yak\u0131n\u0131nda yer alan melekler gelmeli de\u011fil miydi?<\/p>\n\n\n\n<p><sup>54.<\/sup> Firavun, halk\u0131n\u0131 k\u00fc\u00e7\u00fcmsemi\u015f, onlar da ona boyun e\u011fmi\u015flerdi. Ger\u00e7ekten onlar yoldan \u00e7\u0131km\u0131\u015f bir toplum idi.<\/p>\n\n\n\n<p><sup>55.<\/sup> Onlar bize meydan okuduklar\u0131 zaman, onlar\u0131n hepsini suda bo\u011farak, cezaland\u0131rd\u0131k.<\/p>\n\n\n\n<p><sup>56.<\/sup> B\u00f6ylece onlar\u0131 sonradan geleceklere selef ve \u00f6rnek k\u0131ld\u0131k.<\/p>\n\n\n\n<p><sup>57.<\/sup> Meryem&#8217;in o\u011flu \u00f6rnek olarak verilince, kavmin ondan (konuyu) sapt\u0131r\u0131yor:<\/p>\n\n\n\n<p><sup>58.<\/sup> \u2011Bizim ilahlar\u0131m\u0131z m\u0131 daha iyidir; yoksa o mu? diyerek.. Bunu sana sadece tart\u0131\u015fmak i\u00e7in s\u00f6yl\u00fcyorlar. Zaten onlar kavgac\u0131 bir toplumdur.<\/p>\n\n\n\n<p><sup>59.<\/sup> O, yaln\u0131zca kendisine nimet verdi\u011fimiz ve \u0130srailo\u011fullar\u0131&#8217;na \u00f6rnek yapt\u0131\u011f\u0131m\u0131z bir kuldur.<\/p>\n\n\n\n<p><sup>60.<\/sup> E\u011fer dileseydik, yery\u00fcz\u00fcnde sizin yerinize ge\u00e7ecek melekler var ederdik.<\/p>\n\n\n\n<p><sup>61.<\/sup> \u015e\u00fcphesiz o, k\u0131yamet i\u00e7in bir ilimdir. O halde, k\u0131yametten yana bir \u015f\u00fcpheniz olmas\u0131n. Bana uyun. Dosdo\u011fru yol budur.<\/p>\n\n\n\n<p><sup>62.<\/sup> \u015eeytan sak\u0131n sizi sapt\u0131rmas\u0131n. \u00c7\u00fcnk\u00fc o, sizin i\u00e7in apa\u00e7\u0131k bir d\u00fc\u015fmand\u0131r.<\/p>\n\n\n\n<p><sup>63.<\/sup> \u0130sa belgelerle geldi\u011fi zaman \u015f\u00f6yle demi\u015fti:<\/p>\n\n\n\n<p>\u2011Size hikmet ile hakk\u0131nda ihtilafa d\u00fc\u015ft\u00fc\u011f\u00fcn\u00fcz \u015feylerin bir k\u0131sm\u0131n\u0131 a\u00e7\u0131klamak i\u00e7in geldim. Allah&#8217;tan korkun ve bana uyun!<\/p>\n\n\n\n<p><sup>64.<\/sup> Allah, benim de Rabbim sizin de Rabbiniz O&#8217;dur. \u00d6yleyse O&#8217;na kulluk edin. Dosdo\u011fru yol budur.<\/p>\n\n\n\n<p><sup>65.<\/sup> Buna ra\u011fmen gruplar, aralar\u0131nda anla\u015fmazl\u0131\u011fa d\u00fc\u015ft\u00fcler. O ac\u0131 g\u00fcn\u00fcn azab\u0131na u\u011frayacak zalimlerin vay haline..<\/p>\n\n\n\n<p><sup>66.<\/sup> Onlar, fark\u0131nda olmad\u0131klar\u0131 bir anda, ans\u0131z\u0131n kendilerine gelecek k\u0131yametten ba\u015fka bir \u015fey mi bekliyorlar?<\/p>\n\n\n\n<p><sup>67.<\/sup> O g\u00fcn, kendilerini g\u00fcnahlardan koruyanlardan ba\u015fka b\u00fct\u00fcn dostlar birbirine d\u00fc\u015fmand\u0131r.<\/p>\n\n\n\n<p><sup>68.<\/sup> \u2011Ey kullar\u0131m! size bug\u00fcn korku yoktur ve siz \u00fcz\u00fclecek de de\u011filsiniz.<\/p>\n\n\n\n<p><sup>69.<\/sup> \u2011Ayetlerimize iman edenler ve teslim olanlar!<\/p>\n\n\n\n<p><sup>70.<\/sup> Siz ve e\u015fleriniz sevin\u00e7 i\u00e7inde, girin cennete!<\/p>\n\n\n\n<p><sup>71.<\/sup> Etraflar\u0131nda alt\u0131n tepsiler ve testiler dola\u015ft\u0131r\u0131l\u0131r. Orada canlar\u0131n \u00e7ekti\u011fi ve g\u00f6zlerin zevk ald\u0131\u011f\u0131 her \u015fey vard\u0131r. Siz, orada ebedi kalacak olanlars\u0131n\u0131z!<\/p>\n\n\n\n<p><sup>72.<\/sup> Yapt\u0131klar\u0131n\u0131za kar\u015f\u0131l\u0131k olarak, sizin varis oldu\u011funuz cennet i\u015fte budur!<\/p>\n\n\n\n<p><sup>73.<\/sup> Orada sizin i\u00e7in bir \u00e7ok meyveler vard\u0131r, onlardan yersiniz..<\/p>\n\n\n\n<p><sup>74.<\/sup> Su\u00e7lular ise cehennem azab\u0131nda ebedidirler.<\/p>\n\n\n\n<p><sup>75.<\/sup> Onlar\u0131n azab\u0131na hi\u00e7 ara verilmez ve onlar orada \u00fcmitsiz kalm\u0131\u015flard\u0131r. <sup>76.<\/sup> Onlara biz zulmetmedik, fakat onlar kendi kendilerine zulmettiler.<\/p>\n\n\n\n<p><sup>77.<\/sup> (Cehennem bek\u00e7isine):<\/p>\n\n\n\n<p>\u2011Ey Malik, Rabbin i\u015fimizi bitirsin, diye hayk\u0131r\u0131rlar. O da: \u201cSiz, kal\u0131c\u0131s\u0131n\u0131z!\u201d der.<\/p>\n\n\n\n<p><sup>78.<\/sup> Size hakk\u0131 getirmi\u015ftik. Fakat \u00e7o\u011funuz haktan ho\u015flanmam\u0131\u015ft\u0131n\u0131z.<\/p>\n\n\n\n<p><sup>79.<\/sup> \u2011Yoksa bir i\u015fe mi karar verdiler? Elbette biz de kararl\u0131y\u0131z.<\/p>\n\n\n\n<p><sup>80.<\/sup> Yoksa, bizim, onlar\u0131n gizlediklerini ve gizli toplant\u0131lar\u0131n\u0131 i\u015fitmedi\u011fimizi mi san\u0131yorlar? Hay\u0131r yan\u0131l\u0131yorlar. El\u00e7ilerimiz de onlar\u0131n yan\u0131nda kaydediyorlar.<\/p>\n\n\n\n<p><sup>81.<\/sup> De ki: \u201cE\u011fer Rahman&#8217;\u0131n bir o\u011flu olsayd\u0131, ona kulluk edenlerin ilki ben olurdum.\u201d<\/p>\n\n\n\n<p><sup>82.<\/sup> G\u00f6klerin ve yerin Rabbi, Ar\u015f&#8217;\u0131n Rabbi onlar\u0131n nitelemelerinden uzakt\u0131r.<\/p>\n\n\n\n<p><sup>83.<\/sup> B\u0131rak onlar\u0131, kendilerine vaat edilen g\u00fcne kavu\u015funcaya kadar dals\u0131nlar ve oynaya dursunlar.<\/p>\n\n\n\n<p><sup>84.<\/sup> G\u00f6kte ilah O oldu\u011fu gibi yerde de ilah O&#8217;dur. O, hakimdir, alimdir.<\/p>\n\n\n\n<p><sup>85.<\/sup> G\u00f6klerin, yerin ve ikisi aras\u0131ndakilerin hakimiyeti kendisine ait olan ne y\u00fccedir! K\u0131yametin bilgisi O&#8217;nun yan\u0131ndad\u0131r ve O&#8217;na d\u00f6nd\u00fcr\u00fcleceksiniz.<\/p>\n\n\n\n<p><sup>86.<\/sup> Bilerek hakka \u015fahitlik edenler d\u0131\u015f\u0131nda, Allah&#8217;tan ba\u015fka dua ettiklerinin \u015fefaat g\u00fc\u00e7leri yoktur.<\/p>\n\n\n\n<p><sup>87.<\/sup> Onlara kendilerini kimin yaratt\u0131\u011f\u0131n\u0131 sorsan, elbette &#8220;Allah&#8221; derler. Buna ra\u011fmen nas\u0131l sapt\u0131r\u0131l\u0131yorlar?<\/p>\n\n\n\n<p><sup>88.<\/sup> Onun &#8220;Ey Rabbim&#8221; deyi\u015fine yemin olsun ki, onlar ger\u00e7ekten iman etmeyen bir toplumdur. <sup>89.<\/sup> \u00d6yleyse onlar\u0131 bo\u015f ver ve &#8220;selam&#8221; de, nas\u0131l olsa \u00f6\u011frenecekler.<\/p>\n","protected":false},"excerpt":{"rendered":"<p>43. ZUHR\u00dbF S\u00dbRES\u0130 (Ad\u0131n\u0131 35. ayette ge\u00e7en &#8220;zuhruf&#8221; kelimesinden alan S\u00fbre, Mekke d\u00f6neminin ortalar\u0131nda indirilmi\u015ftir. Zuhruf, alt\u0131n, s\u00fcs, ziynet, m\u00fccevher anlamlar\u0131na gelir. Genel mesaj, Allah&#8217;\u0131n insano\u011fluna sahip oldu\u011fu &#8220;zuhruf &#8220;dolay\u0131s\u0131yla &hellip; <\/p>\n","protected":false},"author":2,"featured_media":0,"parent":95,"menu_order":0,"comment_status":"closed","ping_status":"closed","template":"","meta":{"om_disable_all_campaigns":false,"footnotes":""},"class_list":["post-8385","page","type-page","status-publish","hentry"],"aioseo_notices":[],"jetpack_sharing_enabled":true,"_links":{"self":[{"href":"https:\/\/arapcaogreniyorum.com.tr\/index.php\/wp-json\/wp\/v2\/pages\/8385","targetHints":{"allow":["GET"]}}],"collection":[{"href":"https:\/\/arapcaogreniyorum.com.tr\/index.php\/wp-json\/wp\/v2\/pages"}],"about":[{"href":"https:\/\/arapcaogreniyorum.com.tr\/index.php\/wp-json\/wp\/v2\/types\/page"}],"author":[{"embeddable":true,"href":"https:\/\/arapcaogreniyorum.com.tr\/index.php\/wp-json\/wp\/v2\/users\/2"}],"replies":[{"embeddable":true,"href":"https:\/\/arapcaogreniyorum.com.tr\/index.php\/wp-json\/wp\/v2\/comments?post=8385"}],"version-history":[{"count":1,"href":"https:\/\/arapcaogreniyorum.com.tr\/index.php\/wp-json\/wp\/v2\/pages\/8385\/revisions"}],"predecessor-version":[{"id":8386,"href":"https:\/\/arapcaogreniyorum.com.tr\/index.php\/wp-json\/wp\/v2\/pages\/8385\/revisions\/8386"}],"up":[{"embeddable":true,"href":"https:\/\/arapcaogreniyorum.com.tr\/index.php\/wp-json\/wp\/v2\/pages\/95"}],"wp:attachment":[{"href":"https:\/\/arapcaogreniyorum.com.tr\/index.php\/wp-json\/wp\/v2\/media?parent=8385"}],"curies":[{"name":"wp","href":"https:\/\/api.w.org\/{rel}","templated":true}]}}