{"id":8398,"date":"2023-05-31T07:10:16","date_gmt":"2023-05-31T07:10:16","guid":{"rendered":"https:\/\/arapcaogreniyorum.com.tr\/?page_id=8398"},"modified":"2023-05-31T07:10:18","modified_gmt":"2023-05-31T07:10:18","slug":"492-sayfa-43-zuhruf48-60","status":"publish","type":"page","link":"https:\/\/arapcaogreniyorum.com.tr\/index.php\/kelime-kelime-meal\/492-sayfa-43-zuhruf48-60\/","title":{"rendered":"492.Sayfa-43.Zuhruf:48-60"},"content":{"rendered":"\n<figure class=\"wp-block-embed is-type-video is-provider-youtube wp-block-embed-youtube wp-embed-aspect-4-3 wp-has-aspect-ratio\"><div class=\"wp-block-embed__wrapper\">\n<iframe title=\"43. Zuhruf Suresi: 48-60\" width=\"640\" height=\"480\" src=\"https:\/\/www.youtube.com\/embed\/VlJ4Xdz-ajk?feature=oembed\" frameborder=\"0\" allow=\"accelerometer; autoplay; clipboard-write; encrypted-media; gyroscope; picture-in-picture; web-share\" referrerpolicy=\"strict-origin-when-cross-origin\" allowfullscreen><\/iframe>\n<\/div><\/figure>\n\n\n\n<p><sup>48.<\/sup> Onlara g\u00f6sterdi\u011fimiz her mucize, bir \u00f6ncekinden daha b\u00fcy\u00fck idi. Belki d\u00f6nerler diye onlar\u0131 azab\u0131m\u0131zla yakalam\u0131\u015ft\u0131k.<\/p>\n\n\n\n<p><sup>49.<\/sup> \u2011Ey sihirbaz! sana verdi\u011fi s\u00f6ze dayanarak bizim i\u00e7in Rabbine dua et, muhakkak biz de do\u011fru yolu bulaca\u011f\u0131z, demi\u015flerdi.<\/p>\n\n\n\n<p><sup>50.<\/sup> Onlardan azab\u0131 kald\u0131rd\u0131\u011f\u0131m\u0131z zaman da hemen s\u00f6zlerini bozuyorlard\u0131.<\/p>\n\n\n\n<p><sup>51.<\/sup> Firavun ulusuna seslenerek:<\/p>\n\n\n\n<p>\u2011Ey ulusum, M\u0131s\u0131r&#8217;\u0131n ve alt\u0131mda akan \u015fu \u0131rmaklar\u0131n hakimiyeti bana ait de\u011fil mi? Bunu g\u00f6rm\u00fcyor musunuz?<\/p>\n\n\n\n<p><sup>52.<\/sup> Yoksa ben, \u015fu hakir ve neredeyse konu\u015famayan adamdan daha iyi de\u011fil miyim?<\/p>\n\n\n\n<p><sup>53.<\/sup> \u2011Ona alt\u0131n bilezikler verilmeli veya onunla birlikte yak\u0131n\u0131nda yer alan melekler gelmeli de\u011fil miydi?<\/p>\n\n\n\n<p><sup>54.<\/sup> Firavun, halk\u0131n\u0131 k\u00fc\u00e7\u00fcmsemi\u015f, onlar da ona boyun e\u011fmi\u015flerdi. Ger\u00e7ekten onlar yoldan \u00e7\u0131km\u0131\u015f bir toplum idi.<\/p>\n\n\n\n<p><sup>55.<\/sup> Onlar bize meydan okuduklar\u0131 zaman, onlar\u0131n hepsini suda bo\u011farak, cezaland\u0131rd\u0131k.<\/p>\n\n\n\n<p><sup>56.<\/sup> B\u00f6ylece onlar\u0131 sonradan geleceklere selef ve \u00f6rnek k\u0131ld\u0131k.<\/p>\n\n\n\n<p><sup>57.<\/sup> Meryem&#8217;in o\u011flu \u00f6rnek olarak verilince, kavmin ondan (konuyu) sapt\u0131r\u0131yor:<\/p>\n\n\n\n<p><sup>58.<\/sup> \u2011Bizim ilahlar\u0131m\u0131z m\u0131 daha iyidir; yoksa o mu? diyerek.. Bunu sana sadece tart\u0131\u015fmak i\u00e7in s\u00f6yl\u00fcyorlar. Zaten onlar kavgac\u0131 bir toplumdur.<\/p>\n\n\n\n<p><sup>59.<\/sup> O, yaln\u0131zca kendisine nimet verdi\u011fimiz ve \u0130srailo\u011fullar\u0131&#8217;na \u00f6rnek yapt\u0131\u011f\u0131m\u0131z bir kuldur.<\/p>\n\n\n\n<p><sup>60.<\/sup> E\u011fer dileseydik, yery\u00fcz\u00fcnde sizin yerinize ge\u00e7ecek melekler var ederdik.<\/p>\n","protected":false},"excerpt":{"rendered":"<p>48. Onlara g\u00f6sterdi\u011fimiz her mucize, bir \u00f6ncekinden daha b\u00fcy\u00fck idi. Belki d\u00f6nerler diye onlar\u0131 azab\u0131m\u0131zla yakalam\u0131\u015ft\u0131k. 49. \u2011Ey sihirbaz! sana&#8230;<\/p>\n","protected":false},"author":2,"featured_media":0,"parent":5624,"menu_order":0,"comment_status":"closed","ping_status":"closed","template":"","meta":{"om_disable_all_campaigns":false,"footnotes":""},"class_list":["post-8398","page","type-page","status-publish","hentry"],"aioseo_notices":[],"jetpack_sharing_enabled":true,"_links":{"self":[{"href":"https:\/\/arapcaogreniyorum.com.tr\/index.php\/wp-json\/wp\/v2\/pages\/8398","targetHints":{"allow":["GET"]}}],"collection":[{"href":"https:\/\/arapcaogreniyorum.com.tr\/index.php\/wp-json\/wp\/v2\/pages"}],"about":[{"href":"https:\/\/arapcaogreniyorum.com.tr\/index.php\/wp-json\/wp\/v2\/types\/page"}],"author":[{"embeddable":true,"href":"https:\/\/arapcaogreniyorum.com.tr\/index.php\/wp-json\/wp\/v2\/users\/2"}],"replies":[{"embeddable":true,"href":"https:\/\/arapcaogreniyorum.com.tr\/index.php\/wp-json\/wp\/v2\/comments?post=8398"}],"version-history":[{"count":1,"href":"https:\/\/arapcaogreniyorum.com.tr\/index.php\/wp-json\/wp\/v2\/pages\/8398\/revisions"}],"predecessor-version":[{"id":8399,"href":"https:\/\/arapcaogreniyorum.com.tr\/index.php\/wp-json\/wp\/v2\/pages\/8398\/revisions\/8399"}],"up":[{"embeddable":true,"href":"https:\/\/arapcaogreniyorum.com.tr\/index.php\/wp-json\/wp\/v2\/pages\/5624"}],"wp:attachment":[{"href":"https:\/\/arapcaogreniyorum.com.tr\/index.php\/wp-json\/wp\/v2\/media?parent=8398"}],"curies":[{"name":"wp","href":"https:\/\/api.w.org\/{rel}","templated":true}]}}