{"id":8400,"date":"2023-05-31T07:11:44","date_gmt":"2023-05-31T07:11:44","guid":{"rendered":"https:\/\/arapcaogreniyorum.com.tr\/?page_id=8400"},"modified":"2023-05-31T07:11:46","modified_gmt":"2023-05-31T07:11:46","slug":"493-sayfa-43-zuhruf61-73","status":"publish","type":"page","link":"https:\/\/arapcaogreniyorum.com.tr\/index.php\/kelime-kelime-meal\/493-sayfa-43-zuhruf61-73\/","title":{"rendered":"493.Sayfa-43.Zuhruf:61-73"},"content":{"rendered":"\n<figure class=\"wp-block-embed is-type-video is-provider-youtube wp-block-embed-youtube wp-embed-aspect-4-3 wp-has-aspect-ratio\"><div class=\"wp-block-embed__wrapper\">\n<iframe title=\"43. Zuhruf Suresi: 61-73\" width=\"640\" height=\"480\" src=\"https:\/\/www.youtube.com\/embed\/IElGphpY03o?feature=oembed\" frameborder=\"0\" allow=\"accelerometer; autoplay; clipboard-write; encrypted-media; gyroscope; picture-in-picture; web-share\" referrerpolicy=\"strict-origin-when-cross-origin\" allowfullscreen><\/iframe>\n<\/div><\/figure>\n\n\n\n<p><sup>61.<\/sup> \u015e\u00fcphesiz o, k\u0131yamet i\u00e7in bir ilimdir. O halde, k\u0131yametten yana bir \u015f\u00fcpheniz olmas\u0131n. Bana uyun. Dosdo\u011fru yol budur.<\/p>\n\n\n\n<p><sup>62.<\/sup> \u015eeytan sak\u0131n sizi sapt\u0131rmas\u0131n. \u00c7\u00fcnk\u00fc o, sizin i\u00e7in apa\u00e7\u0131k bir d\u00fc\u015fmand\u0131r.<\/p>\n\n\n\n<p><sup>63.<\/sup> \u0130sa belgelerle geldi\u011fi zaman \u015f\u00f6yle demi\u015fti:<\/p>\n\n\n\n<p>\u2011Size hikmet ile hakk\u0131nda ihtilafa d\u00fc\u015ft\u00fc\u011f\u00fcn\u00fcz \u015feylerin bir k\u0131sm\u0131n\u0131 a\u00e7\u0131klamak i\u00e7in geldim. Allah&#8217;tan korkun ve bana uyun!<\/p>\n\n\n\n<p><sup>64.<\/sup> Allah, benim de Rabbim sizin de Rabbiniz O&#8217;dur. \u00d6yleyse O&#8217;na kulluk edin. Dosdo\u011fru yol budur.<\/p>\n\n\n\n<p><sup>65.<\/sup> Buna ra\u011fmen gruplar, aralar\u0131nda anla\u015fmazl\u0131\u011fa d\u00fc\u015ft\u00fcler. O ac\u0131 g\u00fcn\u00fcn azab\u0131na u\u011frayacak zalimlerin vay haline..<\/p>\n\n\n\n<p><sup>66.<\/sup> Onlar, fark\u0131nda olmad\u0131klar\u0131 bir anda, ans\u0131z\u0131n kendilerine gelecek k\u0131yametten ba\u015fka bir \u015fey mi bekliyorlar?<\/p>\n\n\n\n<p><sup>67.<\/sup> O g\u00fcn, kendilerini g\u00fcnahlardan koruyanlardan ba\u015fka b\u00fct\u00fcn dostlar birbirine d\u00fc\u015fmand\u0131r.<\/p>\n\n\n\n<p><sup>68.<\/sup> \u2011Ey kullar\u0131m! size bug\u00fcn korku yoktur ve siz \u00fcz\u00fclecek de de\u011filsiniz.<\/p>\n\n\n\n<p><sup>69.<\/sup> \u2011Ayetlerimize iman edenler ve teslim olanlar!<\/p>\n\n\n\n<p><sup>70.<\/sup> Siz ve e\u015fleriniz sevin\u00e7 i\u00e7inde, girin cennete!<\/p>\n\n\n\n<p><sup>71.<\/sup> Etraflar\u0131nda alt\u0131n tepsiler ve testiler dola\u015ft\u0131r\u0131l\u0131r. Orada canlar\u0131n \u00e7ekti\u011fi ve g\u00f6zlerin zevk ald\u0131\u011f\u0131 her \u015fey vard\u0131r. Siz, orada ebedi kalacak olanlars\u0131n\u0131z!<\/p>\n\n\n\n<p><sup>72.<\/sup> Yapt\u0131klar\u0131n\u0131za kar\u015f\u0131l\u0131k olarak, sizin varis oldu\u011funuz cennet i\u015fte budur!<\/p>\n\n\n\n<p><sup>73.<\/sup> Orada sizin i\u00e7in bir \u00e7ok meyveler vard\u0131r, onlardan yersiniz..<\/p>\n","protected":false},"excerpt":{"rendered":"<p>61. \u015e\u00fcphesiz o, k\u0131yamet i\u00e7in bir ilimdir. O halde, k\u0131yametten yana bir \u015f\u00fcpheniz olmas\u0131n. Bana uyun. Dosdo\u011fru yol budur. 62&#8230;.<\/p>\n","protected":false},"author":2,"featured_media":0,"parent":5624,"menu_order":0,"comment_status":"closed","ping_status":"closed","template":"","meta":{"om_disable_all_campaigns":false,"footnotes":""},"class_list":["post-8400","page","type-page","status-publish","hentry"],"aioseo_notices":[],"jetpack_sharing_enabled":true,"_links":{"self":[{"href":"https:\/\/arapcaogreniyorum.com.tr\/index.php\/wp-json\/wp\/v2\/pages\/8400","targetHints":{"allow":["GET"]}}],"collection":[{"href":"https:\/\/arapcaogreniyorum.com.tr\/index.php\/wp-json\/wp\/v2\/pages"}],"about":[{"href":"https:\/\/arapcaogreniyorum.com.tr\/index.php\/wp-json\/wp\/v2\/types\/page"}],"author":[{"embeddable":true,"href":"https:\/\/arapcaogreniyorum.com.tr\/index.php\/wp-json\/wp\/v2\/users\/2"}],"replies":[{"embeddable":true,"href":"https:\/\/arapcaogreniyorum.com.tr\/index.php\/wp-json\/wp\/v2\/comments?post=8400"}],"version-history":[{"count":1,"href":"https:\/\/arapcaogreniyorum.com.tr\/index.php\/wp-json\/wp\/v2\/pages\/8400\/revisions"}],"predecessor-version":[{"id":8401,"href":"https:\/\/arapcaogreniyorum.com.tr\/index.php\/wp-json\/wp\/v2\/pages\/8400\/revisions\/8401"}],"up":[{"embeddable":true,"href":"https:\/\/arapcaogreniyorum.com.tr\/index.php\/wp-json\/wp\/v2\/pages\/5624"}],"wp:attachment":[{"href":"https:\/\/arapcaogreniyorum.com.tr\/index.php\/wp-json\/wp\/v2\/media?parent=8400"}],"curies":[{"name":"wp","href":"https:\/\/api.w.org\/{rel}","templated":true}]}}