{"id":8402,"date":"2023-05-31T07:13:06","date_gmt":"2023-05-31T07:13:06","guid":{"rendered":"https:\/\/arapcaogreniyorum.com.tr\/?page_id=8402"},"modified":"2023-05-31T07:13:09","modified_gmt":"2023-05-31T07:13:09","slug":"494-sayfa-43-zuhruf74-89","status":"publish","type":"page","link":"https:\/\/arapcaogreniyorum.com.tr\/index.php\/kelime-kelime-meal\/494-sayfa-43-zuhruf74-89\/","title":{"rendered":"494.Sayfa-43.Zuhruf:74-89"},"content":{"rendered":"\n<figure class=\"wp-block-embed is-type-video is-provider-youtube wp-block-embed-youtube wp-embed-aspect-4-3 wp-has-aspect-ratio\"><div class=\"wp-block-embed__wrapper\">\n<iframe title=\"43. Zuhruf Suresi: 74-89\" width=\"640\" height=\"480\" src=\"https:\/\/www.youtube.com\/embed\/nLpu7a4xQDU?feature=oembed\" frameborder=\"0\" allow=\"accelerometer; autoplay; clipboard-write; encrypted-media; gyroscope; picture-in-picture; web-share\" referrerpolicy=\"strict-origin-when-cross-origin\" allowfullscreen><\/iframe>\n<\/div><\/figure>\n\n\n\n<p><sup>74.<\/sup> Su\u00e7lular ise cehennem azab\u0131nda ebedidirler.<\/p>\n\n\n\n<p><sup>75.<\/sup> Onlar\u0131n azab\u0131na hi\u00e7 ara verilmez ve onlar orada \u00fcmitsiz kalm\u0131\u015flard\u0131r. <sup>76.<\/sup> Onlara biz zulmetmedik, fakat onlar kendi kendilerine zulmettiler.<\/p>\n\n\n\n<p><sup>77.<\/sup> (Cehennem bek\u00e7isine):<\/p>\n\n\n\n<p>\u2011Ey Malik, Rabbin i\u015fimizi bitirsin, diye hayk\u0131r\u0131rlar. O da: \u201cSiz, kal\u0131c\u0131s\u0131n\u0131z!\u201d der.<\/p>\n\n\n\n<p><sup>78.<\/sup> Size hakk\u0131 getirmi\u015ftik. Fakat \u00e7o\u011funuz haktan ho\u015flanmam\u0131\u015ft\u0131n\u0131z.<\/p>\n\n\n\n<p><sup>79.<\/sup> \u2011Yoksa bir i\u015fe mi karar verdiler? Elbette biz de kararl\u0131y\u0131z.<\/p>\n\n\n\n<p><sup>80.<\/sup> Yoksa, bizim, onlar\u0131n gizlediklerini ve gizli toplant\u0131lar\u0131n\u0131 i\u015fitmedi\u011fimizi mi san\u0131yorlar? Hay\u0131r yan\u0131l\u0131yorlar. El\u00e7ilerimiz de onlar\u0131n yan\u0131nda kaydediyorlar.<\/p>\n\n\n\n<p><sup>81.<\/sup> De ki: \u201cE\u011fer Rahman&#8217;\u0131n bir o\u011flu olsayd\u0131, ona kulluk edenlerin ilki ben olurdum.\u201d<\/p>\n\n\n\n<p><sup>82.<\/sup> G\u00f6klerin ve yerin Rabbi, Ar\u015f&#8217;\u0131n Rabbi onlar\u0131n nitelemelerinden uzakt\u0131r.<\/p>\n\n\n\n<p><sup>83.<\/sup> B\u0131rak onlar\u0131, kendilerine vaat edilen g\u00fcne kavu\u015funcaya kadar dals\u0131nlar ve oynaya dursunlar.<\/p>\n\n\n\n<p><sup>84.<\/sup> G\u00f6kte ilah O oldu\u011fu gibi yerde de ilah O&#8217;dur. O, hakimdir, alimdir.<\/p>\n\n\n\n<p><sup>85.<\/sup> G\u00f6klerin, yerin ve ikisi aras\u0131ndakilerin hakimiyeti kendisine ait olan ne y\u00fccedir! K\u0131yametin bilgisi O&#8217;nun yan\u0131ndad\u0131r ve O&#8217;na d\u00f6nd\u00fcr\u00fcleceksiniz.<\/p>\n\n\n\n<p><sup>86.<\/sup> Bilerek hakka \u015fahitlik edenler d\u0131\u015f\u0131nda, Allah&#8217;tan ba\u015fka dua ettiklerinin \u015fefaat g\u00fc\u00e7leri yoktur.<\/p>\n\n\n\n<p><sup>87.<\/sup> Onlara kendilerini kimin yaratt\u0131\u011f\u0131n\u0131 sorsan, elbette &#8220;Allah&#8221; derler. Buna ra\u011fmen nas\u0131l sapt\u0131r\u0131l\u0131yorlar?<\/p>\n\n\n\n<p><sup>88.<\/sup> Onun &#8220;Ey Rabbim&#8221; deyi\u015fine yemin olsun ki, onlar ger\u00e7ekten iman etmeyen bir toplumdur. <sup>89.<\/sup> \u00d6yleyse onlar\u0131 bo\u015f ver ve &#8220;selam&#8221; de, nas\u0131l olsa \u00f6\u011frenecekler.<\/p>\n","protected":false},"excerpt":{"rendered":"<p>74. Su\u00e7lular ise cehennem azab\u0131nda ebedidirler. 75. Onlar\u0131n azab\u0131na hi\u00e7 ara verilmez ve onlar orada \u00fcmitsiz kalm\u0131\u015flard\u0131r. 76. Onlara biz zulmetmedik, fakat onlar kendi kendilerine zulmettiler. 77. (Cehennem bek\u00e7isine): \u2011Ey &hellip; <\/p>\n","protected":false},"author":2,"featured_media":0,"parent":5624,"menu_order":0,"comment_status":"closed","ping_status":"closed","template":"","meta":{"om_disable_all_campaigns":false,"footnotes":""},"class_list":["post-8402","page","type-page","status-publish","hentry"],"aioseo_notices":[],"jetpack_sharing_enabled":true,"_links":{"self":[{"href":"https:\/\/arapcaogreniyorum.com.tr\/index.php\/wp-json\/wp\/v2\/pages\/8402","targetHints":{"allow":["GET"]}}],"collection":[{"href":"https:\/\/arapcaogreniyorum.com.tr\/index.php\/wp-json\/wp\/v2\/pages"}],"about":[{"href":"https:\/\/arapcaogreniyorum.com.tr\/index.php\/wp-json\/wp\/v2\/types\/page"}],"author":[{"embeddable":true,"href":"https:\/\/arapcaogreniyorum.com.tr\/index.php\/wp-json\/wp\/v2\/users\/2"}],"replies":[{"embeddable":true,"href":"https:\/\/arapcaogreniyorum.com.tr\/index.php\/wp-json\/wp\/v2\/comments?post=8402"}],"version-history":[{"count":1,"href":"https:\/\/arapcaogreniyorum.com.tr\/index.php\/wp-json\/wp\/v2\/pages\/8402\/revisions"}],"predecessor-version":[{"id":8403,"href":"https:\/\/arapcaogreniyorum.com.tr\/index.php\/wp-json\/wp\/v2\/pages\/8402\/revisions\/8403"}],"up":[{"embeddable":true,"href":"https:\/\/arapcaogreniyorum.com.tr\/index.php\/wp-json\/wp\/v2\/pages\/5624"}],"wp:attachment":[{"href":"https:\/\/arapcaogreniyorum.com.tr\/index.php\/wp-json\/wp\/v2\/media?parent=8402"}],"curies":[{"name":"wp","href":"https:\/\/api.w.org\/{rel}","templated":true}]}}