{"id":8408,"date":"2023-05-31T07:19:39","date_gmt":"2023-05-31T07:19:39","guid":{"rendered":"https:\/\/arapcaogreniyorum.com.tr\/?page_id=8408"},"modified":"2023-05-31T07:19:41","modified_gmt":"2023-05-31T07:19:41","slug":"495-sayfa-44-duhan01-18","status":"publish","type":"page","link":"https:\/\/arapcaogreniyorum.com.tr\/index.php\/kelime-kelime-meal\/495-sayfa-44-duhan01-18\/","title":{"rendered":"495.Sayfa-44.Duhan:01-18"},"content":{"rendered":"\n<figure class=\"wp-block-embed is-type-video is-provider-youtube wp-block-embed-youtube wp-embed-aspect-4-3 wp-has-aspect-ratio\"><div class=\"wp-block-embed__wrapper\">\n<iframe title=\"44. Duhan Suresi: 01-18\" width=\"640\" height=\"480\" src=\"https:\/\/www.youtube.com\/embed\/cpwfvSg5MZA?feature=oembed\" frameborder=\"0\" allow=\"accelerometer; autoplay; clipboard-write; encrypted-media; gyroscope; picture-in-picture; web-share\" referrerpolicy=\"strict-origin-when-cross-origin\" allowfullscreen><\/iframe>\n<\/div><\/figure>\n\n\n\n<h1 class=\"wp-block-heading\">44. D\u00dbHAN S\u00dbRES\u0130<\/h1>\n\n\n\n<p><em>(Mekke D\u00f6neminin ortalar\u0131nda indirilen bu s\u00fcre ismini 10. ayette ge\u00e7en &#8220;duhan&#8221; (duman) kelimesinden alm\u0131\u015ft\u0131r. 59 ayettir.)<\/em><\/p>\n\n\n\n<p><strong>Rahman ve Rahim&nbsp; Allah&#8217;\u0131n ad\u0131yla.<\/strong><\/p>\n\n\n\n<p><sup>1.<\/sup> H\u00e2 m\u00eem.<\/p>\n\n\n\n<p><sup>2.<\/sup> Apa\u00e7\u0131k kitaba andolsun ki..<\/p>\n\n\n\n<p><sup>3.<\/sup> Biz onu, m\u00fcbarek bir gecede indirdik. Biz, uyaranlar\u0131z.<\/p>\n\n\n\n<p><sup>4.<\/sup> O gece, her hikmetli i\u015f ayr\u0131l\u0131r.<\/p>\n\n\n\n<p><sup>5.<\/sup> Taraf\u0131m\u0131zdan bir emir ile biz el\u00e7i g\u00f6ndeririz.<\/p>\n\n\n\n<p><sup>6.<\/sup> Rabbinden bir rahmet olarak.. \u015e\u00fcphesiz O, i\u015fiten bilen O&#8217;dur.<\/p>\n\n\n\n<p><sup>7.<\/sup> G\u00f6klerin, yerin ve aras\u0131ndakilerin Rabbidir. E\u011fer ger\u00e7ekten bilenler iseniz.<\/p>\n\n\n\n<p><sup>8.<\/sup> O&#8217;ndan ba\u015fka ilah yoktur. Diriltir ve \u00f6ld\u00fcr\u00fcr. Sizin de Rabbiniz, sizden \u00f6nceki atalar\u0131n\u0131zda Rabbidir.<\/p>\n\n\n\n<p><sup>9.<\/sup> Fakat, onlar \u015f\u00fcphe i\u00e7inde oyalan\u0131rlar.<\/p>\n\n\n\n<p><sup>10.<\/sup> G\u00f6\u011f\u00fcn apa\u00e7\u0131k bir duman getirece\u011fi g\u00fcn\u00fc g\u00f6zle!<\/p>\n\n\n\n<p><sup>11.<\/sup> \u0130nsanlar\u0131 b\u00fcr\u00fcr. Bu, ac\u0131 bir azapt\u0131r. <sup>12.<\/sup> \u2011Rabbimiz, azab\u0131 bizden kald\u0131r, biz iman eden kimseleriz.<\/p>\n\n\n\n<p><sup>13.<\/sup> \u2011Onlar nereden \u00f6\u011f\u00fct alacaklar? Kendilerine apa\u00e7\u0131k bir el\u00e7i gelmi\u015fti. <sup>14.<\/sup> Sonra ondan y\u00fcz \u00e7evirmi\u015fler ve:<\/p>\n\n\n\n<p>\u2011\u00d6\u011fretilmi\u015f bir mecnun\/deli demi\u015flerdi.<\/p>\n\n\n\n<p><sup>15.<\/sup> \u2011Biz, azab\u0131 biraz kald\u0131r\u0131r\u0131z siz de tekrar d\u00f6nerseniz.<\/p>\n\n\n\n<p><sup>16.<\/sup> B\u00fcy\u00fck bir \u015fiddetle yakalayaca\u011f\u0131m\u0131z g\u00fcn, elbette intikam alaca\u011f\u0131z.<\/p>\n\n\n\n<p><sup>17.<\/sup> Onlardan \u00f6nce Firavun kavmini de imtihan etmi\u015ftik. Onlara \u015ferefli bir el\u00e7i gelmi\u015fti.<\/p>\n\n\n\n<p><sup>18.<\/sup> Allah&#8217;\u0131n kullar\u0131n\u0131 bana b\u0131rak\u0131n, ben g\u00fcvenilir bir peygamberim, demi\u015fti.<\/p>\n","protected":false},"excerpt":{"rendered":"<p>44. D\u00dbHAN S\u00dbRES\u0130 (Mekke D\u00f6neminin ortalar\u0131nda indirilen bu s\u00fcre ismini 10. ayette ge\u00e7en &#8220;duhan&#8221; (duman) kelimesinden alm\u0131\u015ft\u0131r. 59 ayettir.) Rahman ve Rahim&nbsp; Allah&#8217;\u0131n ad\u0131yla. 1. H\u00e2 m\u00eem. 2. Apa\u00e7\u0131k kitaba &hellip; <\/p>\n","protected":false},"author":2,"featured_media":0,"parent":5624,"menu_order":0,"comment_status":"closed","ping_status":"closed","template":"","meta":{"om_disable_all_campaigns":false,"footnotes":""},"class_list":["post-8408","page","type-page","status-publish","hentry"],"aioseo_notices":[],"jetpack_sharing_enabled":true,"_links":{"self":[{"href":"https:\/\/arapcaogreniyorum.com.tr\/index.php\/wp-json\/wp\/v2\/pages\/8408","targetHints":{"allow":["GET"]}}],"collection":[{"href":"https:\/\/arapcaogreniyorum.com.tr\/index.php\/wp-json\/wp\/v2\/pages"}],"about":[{"href":"https:\/\/arapcaogreniyorum.com.tr\/index.php\/wp-json\/wp\/v2\/types\/page"}],"author":[{"embeddable":true,"href":"https:\/\/arapcaogreniyorum.com.tr\/index.php\/wp-json\/wp\/v2\/users\/2"}],"replies":[{"embeddable":true,"href":"https:\/\/arapcaogreniyorum.com.tr\/index.php\/wp-json\/wp\/v2\/comments?post=8408"}],"version-history":[{"count":1,"href":"https:\/\/arapcaogreniyorum.com.tr\/index.php\/wp-json\/wp\/v2\/pages\/8408\/revisions"}],"predecessor-version":[{"id":8409,"href":"https:\/\/arapcaogreniyorum.com.tr\/index.php\/wp-json\/wp\/v2\/pages\/8408\/revisions\/8409"}],"up":[{"embeddable":true,"href":"https:\/\/arapcaogreniyorum.com.tr\/index.php\/wp-json\/wp\/v2\/pages\/5624"}],"wp:attachment":[{"href":"https:\/\/arapcaogreniyorum.com.tr\/index.php\/wp-json\/wp\/v2\/media?parent=8408"}],"curies":[{"name":"wp","href":"https:\/\/api.w.org\/{rel}","templated":true}]}}