{"id":8412,"date":"2023-05-31T07:22:51","date_gmt":"2023-05-31T07:22:51","guid":{"rendered":"https:\/\/arapcaogreniyorum.com.tr\/?page_id=8412"},"modified":"2023-05-31T07:22:54","modified_gmt":"2023-05-31T07:22:54","slug":"497-sayfa-44-duhan40-59","status":"publish","type":"page","link":"https:\/\/arapcaogreniyorum.com.tr\/index.php\/kelime-kelime-meal\/497-sayfa-44-duhan40-59\/","title":{"rendered":"497.Sayfa-44.Duhan:40-59"},"content":{"rendered":"\n<figure class=\"wp-block-embed is-type-video is-provider-youtube wp-block-embed-youtube wp-embed-aspect-4-3 wp-has-aspect-ratio\"><div class=\"wp-block-embed__wrapper\">\n<iframe title=\"44 duhan 40 59\" width=\"640\" height=\"480\" src=\"https:\/\/www.youtube.com\/embed\/9zJwGrdAeME?feature=oembed\" frameborder=\"0\" allow=\"accelerometer; autoplay; clipboard-write; encrypted-media; gyroscope; picture-in-picture; web-share\" referrerpolicy=\"strict-origin-when-cross-origin\" allowfullscreen><\/iframe>\n<\/div><\/figure>\n\n\n\n<p><sup>40.<\/sup> H\u00fck\u00fcm g\u00fcn\u00fc, onlar\u0131n hepsine s\u00f6z verilen vakittir.<\/p>\n\n\n\n<p><sup>41.<\/sup> O g\u00fcn, dostun dosta hi\u00e7 bir \u015fekilde faydas\u0131 olmaz. Onlara yard\u0131m da olunmaz.<\/p>\n\n\n\n<p><sup>42.<\/sup> Allah&#8217;\u0131n merhamet ettikleri d\u0131\u015f\u0131nda. \u00c7\u00fcnk\u00fc O, \u00e7ok g\u00fc\u00e7l\u00fc ve merhametlidir.<\/p>\n\n\n\n<p><sup>43.<\/sup> Zakkum a\u011fac\u0131&#8230;<\/p>\n\n\n\n<p><sup>44.<\/sup> G\u00fcnahkar\u0131n yeme\u011fidir.<\/p>\n\n\n\n<p><sup>45.<\/sup> Yanm\u0131\u015f ya\u011f gibi kar\u0131nlarda kaynar durur.<\/p>\n\n\n\n<p><sup>46.<\/sup> Kaynar suyunu kaynad\u0131\u011f\u0131 gibi&#8230;<\/p>\n\n\n\n<p><sup>47.<\/sup> \u2011Onu tutun, cehennemin ortas\u0131na at\u0131n.<\/p>\n\n\n\n<p><sup>48.<\/sup> Sonra kaynar su azab\u0131ndan ba\u015f\u0131ndan a\u015fa\u011f\u0131 bo\u015falt\u0131n.<\/p>\n\n\n\n<p><sup>49.<\/sup> \u2011Tat bunu, hani sen g\u00fc\u00e7l\u00fc ve \u015ferefliydin.<\/p>\n\n\n\n<p><sup>50.<\/sup> \u0130\u015fte bu sizin hakk\u0131nda \u015f\u00fcphe etti\u011finiz \u015feydir.<\/p>\n\n\n\n<p><sup>51.<\/sup> Kendilerini g\u00fcnahlardan koruyanlar ise, onlar g\u00fcvenli bir makamdad\u0131rlar.<\/p>\n\n\n\n<p><sup>52.<\/sup> Cennetlerde ve p\u0131narlarda&#8230;<\/p>\n\n\n\n<p><sup>53.<\/sup> Halis ipek ve parlak atlastan elbiseler giyerek, kar\u015f\u0131l\u0131kl\u0131 otururlar.<\/p>\n\n\n\n<p><sup>54.<\/sup> \u0130\u015fte b\u00f6yle, onlar\u0131 iri g\u00f6zl\u00fc hurilerle evlendiririz.<\/p>\n\n\n\n<p><sup>55.<\/sup> Orada g\u00fcven i\u00e7inde olarak her meyveyi isterler.<\/p>\n\n\n\n<p><sup>56.<\/sup> \u0130lk \u00f6l\u00fcmden ba\u015fka bir \u00f6l\u00fcm tatmazlar. Onlar cehennem azab\u0131ndan korunmu\u015ftur.<\/p>\n\n\n\n<p><sup>57.<\/sup> Rabbinden bir l\u00fctuf olarak. \u0130\u015fte b\u00fcy\u00fck kurtulu\u015f budur.<\/p>\n\n\n\n<p><sup>58.<\/sup> \u00d6\u011f\u00fct als\u0131nlar diye onu senin dilin ile kolayla\u015ft\u0131rd\u0131k.<\/p>\n\n\n\n<p><sup>59.<\/sup> O halde bekle zaten onlar da bekliyorlar.<\/p>\n","protected":false},"excerpt":{"rendered":"<p>40. H\u00fck\u00fcm g\u00fcn\u00fc, onlar\u0131n hepsine s\u00f6z verilen vakittir. 41. O g\u00fcn, dostun dosta hi\u00e7 bir \u015fekilde faydas\u0131 olmaz. Onlara yard\u0131m da olunmaz. 42. Allah&#8217;\u0131n merhamet ettikleri d\u0131\u015f\u0131nda. \u00c7\u00fcnk\u00fc O, \u00e7ok &hellip; <\/p>\n","protected":false},"author":2,"featured_media":0,"parent":5624,"menu_order":0,"comment_status":"closed","ping_status":"closed","template":"","meta":{"om_disable_all_campaigns":false,"footnotes":""},"class_list":["post-8412","page","type-page","status-publish","hentry"],"aioseo_notices":[],"jetpack_sharing_enabled":true,"_links":{"self":[{"href":"https:\/\/arapcaogreniyorum.com.tr\/index.php\/wp-json\/wp\/v2\/pages\/8412","targetHints":{"allow":["GET"]}}],"collection":[{"href":"https:\/\/arapcaogreniyorum.com.tr\/index.php\/wp-json\/wp\/v2\/pages"}],"about":[{"href":"https:\/\/arapcaogreniyorum.com.tr\/index.php\/wp-json\/wp\/v2\/types\/page"}],"author":[{"embeddable":true,"href":"https:\/\/arapcaogreniyorum.com.tr\/index.php\/wp-json\/wp\/v2\/users\/2"}],"replies":[{"embeddable":true,"href":"https:\/\/arapcaogreniyorum.com.tr\/index.php\/wp-json\/wp\/v2\/comments?post=8412"}],"version-history":[{"count":1,"href":"https:\/\/arapcaogreniyorum.com.tr\/index.php\/wp-json\/wp\/v2\/pages\/8412\/revisions"}],"predecessor-version":[{"id":8413,"href":"https:\/\/arapcaogreniyorum.com.tr\/index.php\/wp-json\/wp\/v2\/pages\/8412\/revisions\/8413"}],"up":[{"embeddable":true,"href":"https:\/\/arapcaogreniyorum.com.tr\/index.php\/wp-json\/wp\/v2\/pages\/5624"}],"wp:attachment":[{"href":"https:\/\/arapcaogreniyorum.com.tr\/index.php\/wp-json\/wp\/v2\/media?parent=8412"}],"curies":[{"name":"wp","href":"https:\/\/api.w.org\/{rel}","templated":true}]}}