{"id":8419,"date":"2023-05-31T07:32:09","date_gmt":"2023-05-31T07:32:09","guid":{"rendered":"https:\/\/arapcaogreniyorum.com.tr\/?page_id=8419"},"modified":"2023-05-31T07:32:11","modified_gmt":"2023-05-31T07:32:11","slug":"499-sayfa-45-casiye14-22","status":"publish","type":"page","link":"https:\/\/arapcaogreniyorum.com.tr\/index.php\/kelime-kelime-meal\/499-sayfa-45-casiye14-22\/","title":{"rendered":"499.Sayfa-45.Casiye:14-22"},"content":{"rendered":"\n<figure class=\"wp-block-embed is-type-video is-provider-youtube wp-block-embed-youtube wp-embed-aspect-4-3 wp-has-aspect-ratio\"><div class=\"wp-block-embed__wrapper\">\n<iframe title=\"45. Casiye Suresi: 14-22\" width=\"640\" height=\"480\" src=\"https:\/\/www.youtube.com\/embed\/zripFM6wD00?feature=oembed\" frameborder=\"0\" allow=\"accelerometer; autoplay; clipboard-write; encrypted-media; gyroscope; picture-in-picture; web-share\" referrerpolicy=\"strict-origin-when-cross-origin\" allowfullscreen><\/iframe>\n<\/div><\/figure>\n\n\n\n<p><sup>14.<\/sup> \u0130man edenlere, s\u00f6yle de toplumun kazand\u0131klar\u0131 sebebiyle kar\u015f\u0131l\u0131\u011f\u0131n\u0131 g\u00f6rece\u011fi Allah&#8217; \u0131n g\u00fcnlerinin gelece\u011fini ummayanlar\u0131 ba\u011f\u0131\u015flas\u0131nlar.<\/p>\n\n\n\n<p><sup>15.<\/sup> Kim do\u011fru olan\u0131 yaparsa kendisi i\u00e7indir. Kim de k\u00f6t\u00fcl\u00fck yaparsa o da kendi aleyhinedir. Sonunda Rabbinize d\u00f6nd\u00fcr\u00fcleceksiniz.<\/p>\n\n\n\n<p><sup>16.<\/sup> \u0130srailo\u011fullar\u0131\u2019na da kitap, hikmet ve peygamberlik vermi\u015ftik. Onlar\u0131 iyi \u015feylerle r\u0131z\u0131kland\u0131rm\u0131\u015f ve toplumlara \u00fcst\u00fcn k\u0131lm\u0131\u015ft\u0131k.<\/p>\n\n\n\n<p><sup>17.<\/sup> Onlara emrimizi bildiren belgeler vermi\u015ftik. Kendilerine ilim geldikten sonra, aralar\u0131ndaki ba\u011fy (k\u0131skan\u00e7l\u0131k, ta\u015fk\u0131nl\u0131k) y\u00fcz\u00fcnden anla\u015fmazl\u0131\u011fa d\u00fc\u015fm\u00fc\u015flerdi. Rabbin, k\u0131yamet g\u00fcn\u00fc, aralar\u0131nda anla\u015fmazl\u0131\u011fa d\u00fc\u015ft\u00fckleri konuda h\u00fck\u00fcm verecektir.<\/p>\n\n\n\n<p><sup>18.<\/sup> Sonra sana da, emrimiz ile bir yol g\u00f6sterdik. Ona uy. Bilmeyenlerin heveslerine uyma!<\/p>\n\n\n\n<p><sup>19.<\/sup> Zira onlar Allah&#8217;tan gelecek bir \u015feyi senden savamazlar. Zalimler, birbirlerinin velisidir. Allah da takva sahiplerinin velisidir.<\/p>\n\n\n\n<p><sup>20.<\/sup> Bu (Kur&#8217;an), \u0130nsanlar i\u00e7in basiret ve iyice bilen bir toplum i\u00e7in k\u0131lavuz ve rahmettir.<\/p>\n\n\n\n<p><sup>21.<\/sup> Yoksa, k\u00f6t\u00fcl\u00fck i\u015fleyenler, kendilerini iman edip, iyilik yapanlarla bir tutaca\u011f\u0131m\u0131z\u0131 m\u0131 san\u0131yorlar. Ne k\u00f6t\u00fc h\u00fck\u00fcm veriyorlar.<\/p>\n\n\n\n<p><sup>22.<\/sup> Allah, g\u00f6kleri ve yeri, herkes, hi\u00e7 bir haks\u0131zl\u0131\u011fa u\u011framadan kazand\u0131klar\u0131n\u0131n kar\u015f\u0131l\u0131\u011f\u0131n\u0131 g\u00f6rs\u00fcn diye hak olarak yaratt\u0131.<\/p>\n","protected":false},"excerpt":{"rendered":"<p>14. \u0130man edenlere, s\u00f6yle de toplumun kazand\u0131klar\u0131 sebebiyle kar\u015f\u0131l\u0131\u011f\u0131n\u0131 g\u00f6rece\u011fi Allah&#8217; \u0131n g\u00fcnlerinin gelece\u011fini ummayanlar\u0131 ba\u011f\u0131\u015flas\u0131nlar. 15. Kim do\u011fru olan\u0131&#8230;<\/p>\n","protected":false},"author":2,"featured_media":0,"parent":5624,"menu_order":0,"comment_status":"closed","ping_status":"closed","template":"","meta":{"om_disable_all_campaigns":false,"footnotes":""},"class_list":["post-8419","page","type-page","status-publish","hentry"],"aioseo_notices":[],"jetpack_sharing_enabled":true,"_links":{"self":[{"href":"https:\/\/arapcaogreniyorum.com.tr\/index.php\/wp-json\/wp\/v2\/pages\/8419","targetHints":{"allow":["GET"]}}],"collection":[{"href":"https:\/\/arapcaogreniyorum.com.tr\/index.php\/wp-json\/wp\/v2\/pages"}],"about":[{"href":"https:\/\/arapcaogreniyorum.com.tr\/index.php\/wp-json\/wp\/v2\/types\/page"}],"author":[{"embeddable":true,"href":"https:\/\/arapcaogreniyorum.com.tr\/index.php\/wp-json\/wp\/v2\/users\/2"}],"replies":[{"embeddable":true,"href":"https:\/\/arapcaogreniyorum.com.tr\/index.php\/wp-json\/wp\/v2\/comments?post=8419"}],"version-history":[{"count":1,"href":"https:\/\/arapcaogreniyorum.com.tr\/index.php\/wp-json\/wp\/v2\/pages\/8419\/revisions"}],"predecessor-version":[{"id":8420,"href":"https:\/\/arapcaogreniyorum.com.tr\/index.php\/wp-json\/wp\/v2\/pages\/8419\/revisions\/8420"}],"up":[{"embeddable":true,"href":"https:\/\/arapcaogreniyorum.com.tr\/index.php\/wp-json\/wp\/v2\/pages\/5624"}],"wp:attachment":[{"href":"https:\/\/arapcaogreniyorum.com.tr\/index.php\/wp-json\/wp\/v2\/media?parent=8419"}],"curies":[{"name":"wp","href":"https:\/\/api.w.org\/{rel}","templated":true}]}}