{"id":8421,"date":"2023-05-31T07:33:35","date_gmt":"2023-05-31T07:33:35","guid":{"rendered":"https:\/\/arapcaogreniyorum.com.tr\/?page_id=8421"},"modified":"2023-05-31T07:33:37","modified_gmt":"2023-05-31T07:33:37","slug":"500-sayfa-45-casiye23-32","status":"publish","type":"page","link":"https:\/\/arapcaogreniyorum.com.tr\/index.php\/kelime-kelime-meal\/500-sayfa-45-casiye23-32\/","title":{"rendered":"500.Sayfa-45.Casiye:23-32"},"content":{"rendered":"\n<figure class=\"wp-block-embed is-type-video is-provider-youtube wp-block-embed-youtube wp-embed-aspect-4-3 wp-has-aspect-ratio\"><div class=\"wp-block-embed__wrapper\">\n<iframe title=\"45. Casiye Suresi: 23-32\" width=\"640\" height=\"480\" src=\"https:\/\/www.youtube.com\/embed\/KYUoorgHTX0?feature=oembed\" frameborder=\"0\" allow=\"accelerometer; autoplay; clipboard-write; encrypted-media; gyroscope; picture-in-picture; web-share\" referrerpolicy=\"strict-origin-when-cross-origin\" allowfullscreen><\/iframe>\n<\/div><\/figure>\n\n\n\n<p><sup>23.<\/sup> \u015eu heva ve hevesini ilah edineni g\u00f6rd\u00fcn m\u00fc? Allah onu bir bilgi \u00fczerinde sap\u0131kl\u0131kta b\u0131rakm\u0131\u015ft\u0131r. Kula\u011f\u0131n\u0131 ve kalbini m\u00fch\u00fcrlemi\u015f, g\u00f6z\u00fcne de perde \u00e7ekmi\u015ftir. Allah&#8217;tan sonra kim onu do\u011fru yola \u00e7\u0131karabilir? Hi\u00e7 d\u00fc\u015f\u00fcnm\u00fcyor musunuz?<\/p>\n\n\n\n<p><sup>24.<\/sup> \u2011D\u00fcnya hayat\u0131m\u0131zdan ba\u015fka hayat yoktur. \u00d6l\u00fcr\u00fcz ve ya\u015far\u0131z. Bizi zamandan ba\u015fka bir \u015fey yok etmez, derler. Onlar\u0131n bu konuda bir bilgileri yoktur. Onlar, yaln\u0131zca zannederler.<\/p>\n\n\n\n<p><sup>25.<\/sup> Apa\u00e7\u0131k ayetlerimiz kendilerine okundu\u011fu zaman:<\/p>\n\n\n\n<p>\u2011Do\u011fru s\u00f6yl\u00fcyorsan\u0131z babalar\u0131m\u0131z\u0131 getirin, demekten ba\u015fka onlar\u0131n bir delilleri yoktur.<\/p>\n\n\n\n<p><sup>26.<\/sup> De ki:<\/p>\n\n\n\n<p>\u2011Size hayat veren, sonra \u00f6ld\u00fcrecek olan, sonra da hakk\u0131nda \u015f\u00fcphe olmayan k\u0131yamet g\u00fcn\u00fcnde bir araya getirecek olan Allah&#8217;t\u0131r. Fakat insanlar\u0131n \u00e7o\u011fu bilmezler.<\/p>\n\n\n\n<p><sup>27.<\/sup> G\u00f6klerin ve yerin hakimiyeti Allah&#8217;\u0131nd\u0131r. K\u0131yamet koptu\u011fu g\u00fcn, i\u015fte o g\u00fcn bat\u0131lc\u0131lar h\u00fcsrana u\u011frar.<\/p>\n\n\n\n<p><sup>28.<\/sup> O g\u00fcn, her \u00fcmmeti diz \u00fcst\u00fc \u00e7\u00f6km\u00fc\u015f g\u00f6r\u00fcrs\u00fcn. Her \u00fcmmet, kendi kitab\u0131na \u00e7a\u011fr\u0131l\u0131r:<\/p>\n\n\n\n<p>\u2011Bug\u00fcn, yapt\u0131klar\u0131n\u0131z\u0131n kar\u015f\u0131l\u0131\u011f\u0131n\u0131 g\u00f6receksiniz! denir.<\/p>\n\n\n\n<p><sup>29. <\/sup>Bu kitab\u0131m\u0131z ger\u00e7ekten sizin aleyhinizde konu\u015fuyor. Biz, yapt\u0131klar\u0131n\u0131z\u0131 \u015f\u00fcphesiz bir bir kaydediyorduk.<\/p>\n\n\n\n<p><sup>30. <\/sup>\u0130nan\u0131p, do\u011frular\u0131 yapanlara gelince; Rab&#8217;leri onlar\u0131 rahmetiyle b\u00fcr\u00fcyecektir. \u0130\u015fte bu, apa\u00e7\u0131k kurtulu\u015ftur.<\/p>\n\n\n\n<p><sup>31.<\/sup> Ama, inkar eden kimselere denir ki:<\/p>\n\n\n\n<p>\u2011Ayetlerim size okunmu\u015f, siz de b\u00fcy\u00fcklenip su\u00e7lu bir toplum olmu\u015ftunuz de\u011fil mi?<\/p>\n\n\n\n<p><sup>32.<\/sup> Allah&#8217;\u0131n verdi\u011fi s\u00f6z hakt\u0131r ve k\u0131yametin kopaca\u011f\u0131nda \u015f\u00fcphe yoktur, denildi\u011fi zaman:<\/p>\n\n\n\n<p>\u2011K\u0131yametin ne oldu\u011funu bilmiyo-ruz. Yaln\u0131z olmad\u0131\u011f\u0131n\u0131 san\u0131yoruz. Bu konuda kesin bir bilgi sahibi de\u011filiz.<\/p>\n","protected":false},"excerpt":{"rendered":"<p>23. \u015eu heva ve hevesini ilah edineni g\u00f6rd\u00fcn m\u00fc? Allah onu bir bilgi \u00fczerinde sap\u0131kl\u0131kta b\u0131rakm\u0131\u015ft\u0131r. Kula\u011f\u0131n\u0131 ve kalbini m\u00fch\u00fcrlemi\u015f, g\u00f6z\u00fcne de perde \u00e7ekmi\u015ftir. Allah&#8217;tan sonra kim onu do\u011fru yola &hellip; <\/p>\n","protected":false},"author":2,"featured_media":0,"parent":5624,"menu_order":0,"comment_status":"closed","ping_status":"closed","template":"","meta":{"om_disable_all_campaigns":false,"footnotes":""},"class_list":["post-8421","page","type-page","status-publish","hentry"],"aioseo_notices":[],"jetpack_sharing_enabled":true,"_links":{"self":[{"href":"https:\/\/arapcaogreniyorum.com.tr\/index.php\/wp-json\/wp\/v2\/pages\/8421","targetHints":{"allow":["GET"]}}],"collection":[{"href":"https:\/\/arapcaogreniyorum.com.tr\/index.php\/wp-json\/wp\/v2\/pages"}],"about":[{"href":"https:\/\/arapcaogreniyorum.com.tr\/index.php\/wp-json\/wp\/v2\/types\/page"}],"author":[{"embeddable":true,"href":"https:\/\/arapcaogreniyorum.com.tr\/index.php\/wp-json\/wp\/v2\/users\/2"}],"replies":[{"embeddable":true,"href":"https:\/\/arapcaogreniyorum.com.tr\/index.php\/wp-json\/wp\/v2\/comments?post=8421"}],"version-history":[{"count":1,"href":"https:\/\/arapcaogreniyorum.com.tr\/index.php\/wp-json\/wp\/v2\/pages\/8421\/revisions"}],"predecessor-version":[{"id":8422,"href":"https:\/\/arapcaogreniyorum.com.tr\/index.php\/wp-json\/wp\/v2\/pages\/8421\/revisions\/8422"}],"up":[{"embeddable":true,"href":"https:\/\/arapcaogreniyorum.com.tr\/index.php\/wp-json\/wp\/v2\/pages\/5624"}],"wp:attachment":[{"href":"https:\/\/arapcaogreniyorum.com.tr\/index.php\/wp-json\/wp\/v2\/media?parent=8421"}],"curies":[{"name":"wp","href":"https:\/\/api.w.org\/{rel}","templated":true}]}}