{"id":8423,"date":"2023-05-31T07:35:51","date_gmt":"2023-05-31T07:35:51","guid":{"rendered":"https:\/\/arapcaogreniyorum.com.tr\/?page_id=8423"},"modified":"2023-05-31T07:35:59","modified_gmt":"2023-05-31T07:35:59","slug":"501-sayfa-45-casiye33-37","status":"publish","type":"page","link":"https:\/\/arapcaogreniyorum.com.tr\/index.php\/kelime-kelime-meal\/501-sayfa-45-casiye33-37\/","title":{"rendered":"501.Sayfa-45.Casiye:33-37"},"content":{"rendered":"\n<figure class=\"wp-block-embed is-type-video is-provider-youtube wp-block-embed-youtube wp-embed-aspect-4-3 wp-has-aspect-ratio\"><div class=\"wp-block-embed__wrapper\">\n<iframe title=\"45. Casiye Suresi: 33-37\" width=\"640\" height=\"480\" src=\"https:\/\/www.youtube.com\/embed\/SChWtfo5fm0?feature=oembed\" frameborder=\"0\" allow=\"accelerometer; autoplay; clipboard-write; encrypted-media; gyroscope; picture-in-picture; web-share\" referrerpolicy=\"strict-origin-when-cross-origin\" allowfullscreen><\/iframe>\n<\/div><\/figure>\n\n\n\n<p><sup>33.<\/sup> Yapt\u0131klar\u0131n\u0131n g\u00fcnahlar\u0131 onlara belli olmu\u015f ve alay ettikleri \u015fey onlar\u0131 ku\u015fat\u0131vermi\u015fti.<\/p>\n\n\n\n<p><sup>34.<\/sup> \u2011Bug\u00fcn, sizin bu g\u00fcn\u00fcn\u00fcz\u00fc unuttu\u011funuz gibi biz de sizi unuturuz. S\u0131\u011f\u0131na\u011f\u0131n\u0131z ate\u015ftir. Sizin hi\u00e7 bir yard\u0131mc\u0131n\u0131z da yoktur, denilmi\u015ftir.<\/p>\n\n\n\n<p><sup>35.<\/sup> Bu azap, Allah&#8217;\u0131n ayetlerini alaya alman\u0131z ve d\u00fcnya hayat\u0131n\u0131n sizi aldatm\u0131\u015f olmas\u0131 sebebiyledir. \u0130\u015fte bug\u00fcn, onlar, oradan \u00e7\u0131kar\u0131lmayacak ve \u00f6z\u00fcrleri de dinlenmeyecektir.<\/p>\n\n\n\n<p><sup>36.<\/sup> Hamd, g\u00f6klerin Rabbi, yerin Rabbi ve t\u00fcm evrenin Rabbi Allah&#8217;a mahsustur.<\/p>\n\n\n\n<p><sup>37.<\/sup> G\u00f6klerde ve yerde b\u00fcy\u00fckl\u00fck O&#8217;nundur. Aziz ve hakim O&#8217;dur.<\/p>\n","protected":false},"excerpt":{"rendered":"<p>33. Yapt\u0131klar\u0131n\u0131n g\u00fcnahlar\u0131 onlara belli olmu\u015f ve alay ettikleri \u015fey onlar\u0131 ku\u015fat\u0131vermi\u015fti. 34. \u2011Bug\u00fcn, sizin bu g\u00fcn\u00fcn\u00fcz\u00fc unuttu\u011funuz gibi biz de sizi unuturuz. S\u0131\u011f\u0131na\u011f\u0131n\u0131z ate\u015ftir. Sizin hi\u00e7 bir yard\u0131mc\u0131n\u0131z da &hellip; <\/p>\n","protected":false},"author":2,"featured_media":0,"parent":5624,"menu_order":0,"comment_status":"closed","ping_status":"closed","template":"","meta":{"om_disable_all_campaigns":false,"footnotes":""},"class_list":["post-8423","page","type-page","status-publish","hentry"],"aioseo_notices":[],"jetpack_sharing_enabled":true,"_links":{"self":[{"href":"https:\/\/arapcaogreniyorum.com.tr\/index.php\/wp-json\/wp\/v2\/pages\/8423","targetHints":{"allow":["GET"]}}],"collection":[{"href":"https:\/\/arapcaogreniyorum.com.tr\/index.php\/wp-json\/wp\/v2\/pages"}],"about":[{"href":"https:\/\/arapcaogreniyorum.com.tr\/index.php\/wp-json\/wp\/v2\/types\/page"}],"author":[{"embeddable":true,"href":"https:\/\/arapcaogreniyorum.com.tr\/index.php\/wp-json\/wp\/v2\/users\/2"}],"replies":[{"embeddable":true,"href":"https:\/\/arapcaogreniyorum.com.tr\/index.php\/wp-json\/wp\/v2\/comments?post=8423"}],"version-history":[{"count":1,"href":"https:\/\/arapcaogreniyorum.com.tr\/index.php\/wp-json\/wp\/v2\/pages\/8423\/revisions"}],"predecessor-version":[{"id":8424,"href":"https:\/\/arapcaogreniyorum.com.tr\/index.php\/wp-json\/wp\/v2\/pages\/8423\/revisions\/8424"}],"up":[{"embeddable":true,"href":"https:\/\/arapcaogreniyorum.com.tr\/index.php\/wp-json\/wp\/v2\/pages\/5624"}],"wp:attachment":[{"href":"https:\/\/arapcaogreniyorum.com.tr\/index.php\/wp-json\/wp\/v2\/media?parent=8423"}],"curies":[{"name":"wp","href":"https:\/\/api.w.org\/{rel}","templated":true}]}}