{"id":8826,"date":"2023-06-05T05:00:06","date_gmt":"2023-06-05T05:00:06","guid":{"rendered":"https:\/\/arapcaogreniyorum.com.tr\/?page_id=8826"},"modified":"2023-06-05T05:00:08","modified_gmt":"2023-06-05T05:00:08","slug":"576-sayfa-75-kiyamet01-19","status":"publish","type":"page","link":"https:\/\/arapcaogreniyorum.com.tr\/index.php\/kelime-kelime-meal\/576-sayfa-75-kiyamet01-19\/","title":{"rendered":"576.Sayfa-75.K\u0131yamet:01-19"},"content":{"rendered":"\n<figure class=\"wp-block-embed is-type-video is-provider-youtube wp-block-embed-youtube wp-embed-aspect-4-3 wp-has-aspect-ratio\"><div class=\"wp-block-embed__wrapper\">\n<iframe title=\"75  K\u0131yamet Sures Kelime Mealii:1-19. ayetler (K\u0131r\u0131k Meal)\" width=\"640\" height=\"480\" src=\"https:\/\/www.youtube.com\/embed\/TfL7iGtDvu0?feature=oembed\" frameborder=\"0\" allow=\"accelerometer; autoplay; clipboard-write; encrypted-media; gyroscope; picture-in-picture; web-share\" referrerpolicy=\"strict-origin-when-cross-origin\" allowfullscreen><\/iframe>\n<\/div><\/figure>\n","protected":false},"excerpt":{"rendered":"","protected":false},"author":2,"featured_media":0,"parent":5624,"menu_order":0,"comment_status":"closed","ping_status":"closed","template":"","meta":{"om_disable_all_campaigns":false,"footnotes":""},"class_list":["post-8826","page","type-page","status-publish","hentry"],"aioseo_notices":[],"jetpack_sharing_enabled":true,"_links":{"self":[{"href":"https:\/\/arapcaogreniyorum.com.tr\/index.php\/wp-json\/wp\/v2\/pages\/8826","targetHints":{"allow":["GET"]}}],"collection":[{"href":"https:\/\/arapcaogreniyorum.com.tr\/index.php\/wp-json\/wp\/v2\/pages"}],"about":[{"href":"https:\/\/arapcaogreniyorum.com.tr\/index.php\/wp-json\/wp\/v2\/types\/page"}],"author":[{"embeddable":true,"href":"https:\/\/arapcaogreniyorum.com.tr\/index.php\/wp-json\/wp\/v2\/users\/2"}],"replies":[{"embeddable":true,"href":"https:\/\/arapcaogreniyorum.com.tr\/index.php\/wp-json\/wp\/v2\/comments?post=8826"}],"version-history":[{"count":1,"href":"https:\/\/arapcaogreniyorum.com.tr\/index.php\/wp-json\/wp\/v2\/pages\/8826\/revisions"}],"predecessor-version":[{"id":8827,"href":"https:\/\/arapcaogreniyorum.com.tr\/index.php\/wp-json\/wp\/v2\/pages\/8826\/revisions\/8827"}],"up":[{"embeddable":true,"href":"https:\/\/arapcaogreniyorum.com.tr\/index.php\/wp-json\/wp\/v2\/pages\/5624"}],"wp:attachment":[{"href":"https:\/\/arapcaogreniyorum.com.tr\/index.php\/wp-json\/wp\/v2\/media?parent=8826"}],"curies":[{"name":"wp","href":"https:\/\/api.w.org\/{rel}","templated":true}]}}