{"id":8873,"date":"2023-06-06T08:25:48","date_gmt":"2023-06-06T08:25:48","guid":{"rendered":"https:\/\/arapcaogreniyorum.com.tr\/?page_id=8873"},"modified":"2023-06-06T08:25:50","modified_gmt":"2023-06-06T08:25:50","slug":"85-buruc-suresi-cumle-meali","status":"publish","type":"page","link":"https:\/\/arapcaogreniyorum.com.tr\/index.php\/kuran-i-kerim\/85-buruc-suresi-cumle-meali\/","title":{"rendered":"85.Bur\u00fbc S\u00fbresi C\u00fcmle Meali"},"content":{"rendered":"\n<figure class=\"wp-block-embed is-type-video is-provider-youtube wp-block-embed-youtube wp-embed-aspect-16-9 wp-has-aspect-ratio\"><div class=\"wp-block-embed__wrapper\">\n<iframe title=\"Buruc suresi anlam\u0131 dinle Abdurrahman el Ussi (Buruc suresi arap\u00e7a yaz\u0131l\u0131\u015f\u0131 okunu\u015fu ve meali)\" width=\"640\" height=\"360\" src=\"https:\/\/www.youtube.com\/embed\/hGv5-zNNFeI?feature=oembed\" frameborder=\"0\" allow=\"accelerometer; autoplay; clipboard-write; encrypted-media; gyroscope; picture-in-picture; web-share\" referrerpolicy=\"strict-origin-when-cross-origin\" allowfullscreen><\/iframe>\n<\/div><\/figure>\n","protected":false},"excerpt":{"rendered":"","protected":false},"author":2,"featured_media":0,"parent":95,"menu_order":0,"comment_status":"closed","ping_status":"closed","template":"","meta":{"om_disable_all_campaigns":false,"footnotes":""},"class_list":["post-8873","page","type-page","status-publish","hentry"],"aioseo_notices":[],"jetpack_sharing_enabled":true,"_links":{"self":[{"href":"https:\/\/arapcaogreniyorum.com.tr\/index.php\/wp-json\/wp\/v2\/pages\/8873","targetHints":{"allow":["GET"]}}],"collection":[{"href":"https:\/\/arapcaogreniyorum.com.tr\/index.php\/wp-json\/wp\/v2\/pages"}],"about":[{"href":"https:\/\/arapcaogreniyorum.com.tr\/index.php\/wp-json\/wp\/v2\/types\/page"}],"author":[{"embeddable":true,"href":"https:\/\/arapcaogreniyorum.com.tr\/index.php\/wp-json\/wp\/v2\/users\/2"}],"replies":[{"embeddable":true,"href":"https:\/\/arapcaogreniyorum.com.tr\/index.php\/wp-json\/wp\/v2\/comments?post=8873"}],"version-history":[{"count":1,"href":"https:\/\/arapcaogreniyorum.com.tr\/index.php\/wp-json\/wp\/v2\/pages\/8873\/revisions"}],"predecessor-version":[{"id":8874,"href":"https:\/\/arapcaogreniyorum.com.tr\/index.php\/wp-json\/wp\/v2\/pages\/8873\/revisions\/8874"}],"up":[{"embeddable":true,"href":"https:\/\/arapcaogreniyorum.com.tr\/index.php\/wp-json\/wp\/v2\/pages\/95"}],"wp:attachment":[{"href":"https:\/\/arapcaogreniyorum.com.tr\/index.php\/wp-json\/wp\/v2\/media?parent=8873"}],"curies":[{"name":"wp","href":"https:\/\/api.w.org\/{rel}","templated":true}]}}