{"id":8930,"date":"2023-06-07T07:12:24","date_gmt":"2023-06-07T07:12:24","guid":{"rendered":"https:\/\/arapcaogreniyorum.com.tr\/?page_id=8930"},"modified":"2023-06-07T07:14:08","modified_gmt":"2023-06-07T07:14:08","slug":"103-asr","status":"publish","type":"page","link":"https:\/\/arapcaogreniyorum.com.tr\/index.php\/103-asr\/","title":{"rendered":"103. Asr"},"content":{"rendered":"\n<h1 class=\"wp-block-heading\">Asr S\u00fbresi Kelime Meali<\/h1>\n\n\n\n<h3 class=\"wp-block-heading\">601.Sayfa<\/h3>\n\n\n\n<figure class=\"wp-block-embed is-type-video is-provider-youtube wp-block-embed-youtube wp-embed-aspect-4-3 wp-has-aspect-ratio\"><div class=\"wp-block-embed__wrapper\">\n<iframe title=\"103 Asr Suresi Kelime Meali - \u015eaban P\u0130R\u0130\u015e\" width=\"640\" height=\"480\" src=\"https:\/\/www.youtube.com\/embed\/2oE9SVzIM80?feature=oembed\" frameborder=\"0\" allow=\"accelerometer; autoplay; clipboard-write; encrypted-media; gyroscope; picture-in-picture; web-share\" referrerpolicy=\"strict-origin-when-cross-origin\" allowfullscreen><\/iframe>\n<\/div><\/figure>\n\n\n\n<h2 class=\"wp-block-heading\"><a href=\"https:\/\/arapcaogreniyorum.com.tr\/index.php\/kuran-i-kerim\/103-asr-suresi\/\" title=\"\">103.Asr S\u00fbresi C\u00fcmle Meali<\/a><\/h2>\n","protected":false},"excerpt":{"rendered":"<p>Asr S\u00fbresi Kelime Meali 601.Sayfa 103.Asr S\u00fbresi C\u00fcmle Meali<\/p>\n","protected":false},"author":2,"featured_media":0,"parent":0,"menu_order":0,"comment_status":"closed","ping_status":"closed","template":"","meta":{"om_disable_all_campaigns":false,"footnotes":""},"class_list":["post-8930","page","type-page","status-publish","hentry"],"aioseo_notices":[],"jetpack_sharing_enabled":true,"_links":{"self":[{"href":"https:\/\/arapcaogreniyorum.com.tr\/index.php\/wp-json\/wp\/v2\/pages\/8930","targetHints":{"allow":["GET"]}}],"collection":[{"href":"https:\/\/arapcaogreniyorum.com.tr\/index.php\/wp-json\/wp\/v2\/pages"}],"about":[{"href":"https:\/\/arapcaogreniyorum.com.tr\/index.php\/wp-json\/wp\/v2\/types\/page"}],"author":[{"embeddable":true,"href":"https:\/\/arapcaogreniyorum.com.tr\/index.php\/wp-json\/wp\/v2\/users\/2"}],"replies":[{"embeddable":true,"href":"https:\/\/arapcaogreniyorum.com.tr\/index.php\/wp-json\/wp\/v2\/comments?post=8930"}],"version-history":[{"count":1,"href":"https:\/\/arapcaogreniyorum.com.tr\/index.php\/wp-json\/wp\/v2\/pages\/8930\/revisions"}],"predecessor-version":[{"id":8933,"href":"https:\/\/arapcaogreniyorum.com.tr\/index.php\/wp-json\/wp\/v2\/pages\/8930\/revisions\/8933"}],"wp:attachment":[{"href":"https:\/\/arapcaogreniyorum.com.tr\/index.php\/wp-json\/wp\/v2\/media?parent=8930"}],"curies":[{"name":"wp","href":"https:\/\/api.w.org\/{rel}","templated":true}]}}