{"id":9019,"date":"2023-06-12T13:04:59","date_gmt":"2023-06-12T13:04:59","guid":{"rendered":"https:\/\/arapcaogreniyorum.com.tr\/?page_id=9019"},"modified":"2023-06-13T10:56:50","modified_gmt":"2023-06-13T10:56:50","slug":"3-al-i-imran","status":"publish","type":"page","link":"https:\/\/arapcaogreniyorum.com.tr\/index.php\/kuran-yolu-tefsiri\/3-al-i-imran\/","title":{"rendered":"3.Al-i \u0130mran S\u00fbresi Tefsiri"},"content":{"rendered":"\n<div class=\"_df_book df-lite\" id=\"df_418\"  _slug=\"3-al-i-imran-suresi-tefsiri\" data-title=\"3-al-i-imran-suresi-tefsiri\" wpoptions=\"true\" thumb=\"http:\/\/arapcaogreniyorum.com.tr\/wp-content\/uploads\/2023\/03\/kuranyolu3.jpg\" thumbtype=\"\" ><\/div><script class=\"df-shortcode-script\" nowprocket type=\"application\/javascript\">window.option_df_418 = {\"outline\":[],\"autoEnableOutline\":\"false\",\"autoEnableThumbnail\":\"false\",\"overwritePDFOutline\":\"false\",\"direction\":\"1\",\"pageSize\":\"0\",\"source\":\"http:\\\/\\\/arapcaogreniyorum.com.tr\\\/wp-content\\\/uploads\\\/2023\\\/03\\\/03.Aliimran.pdf\",\"wpOptions\":\"true\"}; if(window.DFLIP && window.DFLIP.parseBooks){window.DFLIP.parseBooks();}<\/script>\n\n\n\n<p class=\"has-text-align-center has-huge-font-size\"><a href=\"https:\/\/arapcaogreniyorum.com.tr\/index.php\/kuran-i-kerim\/3-al-i-imran-suresi\/\" title=\"\"><strong>Al-i \u0130mran S\u00fbresi <\/strong><\/a>(Abdurrahman el Ussi)<\/p>\n\n\n\n<p class=\"has-huge-font-size\"><strong><a href=\"https:\/\/arapcaogreniyorum.com.tr\/index.php\/course\/kelime-kelime-kuran-meali\/lessons\/al-i-imran\/\" title=\"\">Al-i \u0130mran S\u00fbresi Kelime Meali<\/a><\/strong><\/p>\n","protected":false},"excerpt":{"rendered":"<p>Al-i \u0130mran S\u00fbresi (Abdurrahman el Ussi) Al-i \u0130mran S\u00fbresi Kelime Meali<\/p>\n","protected":false},"author":2,"featured_media":0,"parent":401,"menu_order":0,"comment_status":"closed","ping_status":"closed","template":"","meta":{"om_disable_all_campaigns":false,"footnotes":""},"class_list":["post-9019","page","type-page","status-publish","hentry"],"aioseo_notices":[],"jetpack_sharing_enabled":true,"_links":{"self":[{"href":"https:\/\/arapcaogreniyorum.com.tr\/index.php\/wp-json\/wp\/v2\/pages\/9019","targetHints":{"allow":["GET"]}}],"collection":[{"href":"https:\/\/arapcaogreniyorum.com.tr\/index.php\/wp-json\/wp\/v2\/pages"}],"about":[{"href":"https:\/\/arapcaogreniyorum.com.tr\/index.php\/wp-json\/wp\/v2\/types\/page"}],"author":[{"embeddable":true,"href":"https:\/\/arapcaogreniyorum.com.tr\/index.php\/wp-json\/wp\/v2\/users\/2"}],"replies":[{"embeddable":true,"href":"https:\/\/arapcaogreniyorum.com.tr\/index.php\/wp-json\/wp\/v2\/comments?post=9019"}],"version-history":[{"count":3,"href":"https:\/\/arapcaogreniyorum.com.tr\/index.php\/wp-json\/wp\/v2\/pages\/9019\/revisions"}],"predecessor-version":[{"id":9040,"href":"https:\/\/arapcaogreniyorum.com.tr\/index.php\/wp-json\/wp\/v2\/pages\/9019\/revisions\/9040"}],"up":[{"embeddable":true,"href":"https:\/\/arapcaogreniyorum.com.tr\/index.php\/wp-json\/wp\/v2\/pages\/401"}],"wp:attachment":[{"href":"https:\/\/arapcaogreniyorum.com.tr\/index.php\/wp-json\/wp\/v2\/media?parent=9019"}],"curies":[{"name":"wp","href":"https:\/\/api.w.org\/{rel}","templated":true}]}}