{"id":9096,"date":"2023-06-27T14:39:29","date_gmt":"2023-06-27T14:39:29","guid":{"rendered":"https:\/\/arapcaogreniyorum.com.tr\/?page_id=9096"},"modified":"2023-06-27T14:45:49","modified_gmt":"2023-06-27T14:45:49","slug":"kuran-arapcasi-ogreniyorum","status":"publish","type":"page","link":"https:\/\/arapcaogreniyorum.com.tr\/index.php\/kuran-arapcasi-ogreniyorum\/","title":{"rendered":"Kur&#8217;an Arap\u00e7as\u0131 \u00d6\u011freniyorum"},"content":{"rendered":"\n<p><a href=\"https:\/\/arapcaogreniyorum.com.tr\/index.php\/\/course\/kuran-arapcasi-ogreniyorum-1-seviye\/\"><\/a><\/p>\n\n\n\n<figure class=\"wp-block-image\"><a href=\"https:\/\/arapcaogreniyorum.com.tr\/index.php\/\/course\/kuran-arapcasi-ogreniyorum-1-seviye\/\"><img decoding=\"async\" src=\"https:\/\/arapcaogreniyorum.com.tr\/wp-content\/uploads\/2023\/03\/kao1.jpg\" alt=\"Kur\u2019an Arap\u00e7as\u0131 \u00d6\u011freniyorum 1. Seviye\" title=\"Kur\u2019an Arap\u00e7as\u0131 \u00d6\u011freniyorum 1. Seviye\"\/><\/a><\/figure>\n\n\n\n<p><a href=\"https:\/\/arapcaogreniyorum.com.tr\/index.php\/course-category\/kaoset\/kao-1\/\">KAO-1. Seviye<\/a><\/p>\n\n\n\n<p><a href=\"https:\/\/arapcaogreniyorum.com.tr\/index.php\/lp-profile\/arzyayincilik@gmail.com\/\">Arzyayincilik@Gmail.Com<\/a><a href=\"https:\/\/arapcaogreniyorum.com.tr\/index.php\/\/course\/kuran-arapcasi-ogreniyorum-1-seviye\/\"><\/a><\/p>\n\n\n\n<h3 class=\"wp-block-heading\"><a href=\"https:\/\/arapcaogreniyorum.com.tr\/index.php\/\/course\/kuran-arapcasi-ogreniyorum-1-seviye\/\">Kur\u2019an Arap\u00e7as\u0131 \u00d6\u011freniyorum 1. Seviye<\/a><\/h3>\n\n\n\n<p>Kurs S\u00fcresi: 10 Hafta<\/p>\n\n\n\n<p>Seviye: Yeni Ba\u015flayan<\/p>\n\n\n\n<p>Ders: 58 Ders<\/p>\n\n\n\n<p>Testler: 4 S\u0131nav<\/p>\n\n\n\n<p>Kat\u0131l\u0131m: 2256 \u00d6\u011frenci<\/p>\n\n\n\n<p><strong>Hedef Kitle:<\/strong> Arap\u00e7a harfleri ve harekeleri tan\u0131yan, kelime kelime de olsa Kur\u2019an okumaya ba\u015flam\u0131\u015f kimselerin kat\u0131labilece\u011fi bir programd\u0131r. Hen\u00fcz harfleri tan\u0131mayanlar\u0131n\u00a0<a href=\"https:\/\/arapcaogreniyorum.com.tr\/index.php\/course\/kuran-okumayi-ogreniyorum\/\"><strong>Kur\u2019an Okumay\u0131 \u00d6\u011freniyorum<\/strong><\/a>\u00a0setinden ba\u015flamalar\u0131 uygundur.<\/p>\n\n\n\n<p><strong>Kursta Neler \u00d6\u011frenilecek:<\/strong> Bu programda temel Arap\u00e7a dilblgisi kurallar\u0131 basit olarak \u00f6\u011frenilir.<\/p>\n\n\n\n<p>Kur\u2019an\u2019dam k\u0131sa surelerin ve Bakara Suresi\u2019nin bir b\u00f6l\u00fcm\u00fcn\u00fcn kelime kelime anlam\u0131 \u00f6\u011frenilir.<\/p>\n\n\n\n<p>T\u00fcrk\u00e7eye de ge\u00e7mi\u015f olan Arap\u00e7a k\u00f6kenli kelimeler ve Arap\u00e7ada \u00e7ok kullan\u0131lan temel s\u00f6zc\u00fckler ile g\u00fcnl\u00fck dilde \u00e7ok kullan\u0131lan c\u00fcmle kal\u0131plar\u0131 \u00f6\u011frenilir.<\/p>\n","protected":false},"excerpt":{"rendered":"<p>KAO-1. Seviye Arzyayincilik@Gmail.Com Kur\u2019an Arap\u00e7as\u0131 \u00d6\u011freniyorum 1. Seviye Kurs S\u00fcresi: 10 Hafta Seviye: Yeni Ba\u015flayan Ders: 58 Ders Testler: 4 S\u0131nav Kat\u0131l\u0131m: 2256 \u00d6\u011frenci Hedef Kitle: Arap\u00e7a harfleri ve harekeleri &hellip; <\/p>\n","protected":false},"author":2,"featured_media":0,"parent":0,"menu_order":0,"comment_status":"closed","ping_status":"closed","template":"","meta":{"om_disable_all_campaigns":false,"footnotes":""},"class_list":["post-9096","page","type-page","status-publish","hentry"],"aioseo_notices":[],"jetpack_sharing_enabled":true,"_links":{"self":[{"href":"https:\/\/arapcaogreniyorum.com.tr\/index.php\/wp-json\/wp\/v2\/pages\/9096","targetHints":{"allow":["GET"]}}],"collection":[{"href":"https:\/\/arapcaogreniyorum.com.tr\/index.php\/wp-json\/wp\/v2\/pages"}],"about":[{"href":"https:\/\/arapcaogreniyorum.com.tr\/index.php\/wp-json\/wp\/v2\/types\/page"}],"author":[{"embeddable":true,"href":"https:\/\/arapcaogreniyorum.com.tr\/index.php\/wp-json\/wp\/v2\/users\/2"}],"replies":[{"embeddable":true,"href":"https:\/\/arapcaogreniyorum.com.tr\/index.php\/wp-json\/wp\/v2\/comments?post=9096"}],"version-history":[{"count":2,"href":"https:\/\/arapcaogreniyorum.com.tr\/index.php\/wp-json\/wp\/v2\/pages\/9096\/revisions"}],"predecessor-version":[{"id":9100,"href":"https:\/\/arapcaogreniyorum.com.tr\/index.php\/wp-json\/wp\/v2\/pages\/9096\/revisions\/9100"}],"wp:attachment":[{"href":"https:\/\/arapcaogreniyorum.com.tr\/index.php\/wp-json\/wp\/v2\/media?parent=9096"}],"curies":[{"name":"wp","href":"https:\/\/api.w.org\/{rel}","templated":true}]}}