{"id":9101,"date":"2023-06-27T14:48:32","date_gmt":"2023-06-27T14:48:32","guid":{"rendered":"https:\/\/arapcaogreniyorum.com.tr\/?page_id=9101"},"modified":"2023-06-27T14:48:33","modified_gmt":"2023-06-27T14:48:33","slug":"kuran-okumayi-ogreniyorum","status":"publish","type":"page","link":"https:\/\/arapcaogreniyorum.com.tr\/index.php\/kurslar\/kuran-okumayi-ogreniyorum\/","title":{"rendered":"Kur&#8217;an Okumay\u0131 \u00d6\u011freniyorum"},"content":{"rendered":"\n<p><a href=\"https:\/\/arapcaogreniyorum.com.tr\/index.php\/\/course\/kuran-okumayi-ogreniyorum\/\"><\/a><\/p>\n\n\n\n<figure class=\"wp-block-image\"><a href=\"https:\/\/arapcaogreniyorum.com.tr\/index.php\/\/course\/kuran-okumayi-ogreniyorum\/\"><img decoding=\"async\" src=\"https:\/\/arapcaogreniyorum.com.tr\/wp-content\/uploads\/2023\/03\/kuran.jpg\" alt=\"Kuran Okumay\u0131 \u00d6\u011freniyorum\" title=\"Kuran Okumay\u0131 \u00d6\u011freniyorum\"\/><\/a><\/figure>\n\n\n\n<p><a href=\"https:\/\/arapcaogreniyorum.com.tr\/index.php\/course-category\/kuran-okumayi-ogreniyorum\/\">Kuran Okumay\u0131 \u00d6\u011freniyorum<\/a><\/p>\n\n\n\n<p><a href=\"https:\/\/arapcaogreniyorum.com.tr\/index.php\/lp-profile\/arzyayincilik@gmail.com\/\">Arzyayincilik@Gmail.Com<\/a><a href=\"https:\/\/arapcaogreniyorum.com.tr\/index.php\/\/course\/kuran-okumayi-ogreniyorum\/\"><\/a><\/p>\n\n\n\n<h3 class=\"wp-block-heading\"><a href=\"https:\/\/arapcaogreniyorum.com.tr\/index.php\/\/course\/kuran-okumayi-ogreniyorum\/\">Kuran Okumay\u0131 \u00d6\u011freniyorum<\/a><\/h3>\n\n\n\n<p>4 Hafta<\/p>\n\n\n\n<p>Yeni Ba\u015flayan<\/p>\n\n\n\n<p>30 Ders<\/p>\n\n\n\n<p>0 S\u0131nav<\/p>\n\n\n\n<p>1 \u00d6\u011frenci<\/p>\n\n\n\n<p>Elifba, Arap\u00e7a harfler, harekeler ve tecvid kurallar\u0131 Haz\u0131rl\u0131k \u00e7al\u0131\u015fmalar\u0131m\u0131z devam ediyor.<\/p>\n","protected":false},"excerpt":{"rendered":"<p>Kuran Okumay\u0131 \u00d6\u011freniyorum Arzyayincilik@Gmail.Com Kuran Okumay\u0131 \u00d6\u011freniyorum 4 Hafta Yeni Ba\u015flayan 30 Ders 0 S\u0131nav 1 \u00d6\u011frenci Elifba, Arap\u00e7a harfler, harekeler ve tecvid kurallar\u0131 Haz\u0131rl\u0131k \u00e7al\u0131\u015fmalar\u0131m\u0131z devam ediyor.<\/p>\n","protected":false},"author":2,"featured_media":0,"parent":7218,"menu_order":0,"comment_status":"closed","ping_status":"closed","template":"","meta":{"om_disable_all_campaigns":false,"footnotes":""},"class_list":["post-9101","page","type-page","status-publish","hentry"],"aioseo_notices":[],"jetpack_sharing_enabled":true,"_links":{"self":[{"href":"https:\/\/arapcaogreniyorum.com.tr\/index.php\/wp-json\/wp\/v2\/pages\/9101","targetHints":{"allow":["GET"]}}],"collection":[{"href":"https:\/\/arapcaogreniyorum.com.tr\/index.php\/wp-json\/wp\/v2\/pages"}],"about":[{"href":"https:\/\/arapcaogreniyorum.com.tr\/index.php\/wp-json\/wp\/v2\/types\/page"}],"author":[{"embeddable":true,"href":"https:\/\/arapcaogreniyorum.com.tr\/index.php\/wp-json\/wp\/v2\/users\/2"}],"replies":[{"embeddable":true,"href":"https:\/\/arapcaogreniyorum.com.tr\/index.php\/wp-json\/wp\/v2\/comments?post=9101"}],"version-history":[{"count":1,"href":"https:\/\/arapcaogreniyorum.com.tr\/index.php\/wp-json\/wp\/v2\/pages\/9101\/revisions"}],"predecessor-version":[{"id":9102,"href":"https:\/\/arapcaogreniyorum.com.tr\/index.php\/wp-json\/wp\/v2\/pages\/9101\/revisions\/9102"}],"up":[{"embeddable":true,"href":"https:\/\/arapcaogreniyorum.com.tr\/index.php\/wp-json\/wp\/v2\/pages\/7218"}],"wp:attachment":[{"href":"https:\/\/arapcaogreniyorum.com.tr\/index.php\/wp-json\/wp\/v2\/media?parent=9101"}],"curies":[{"name":"wp","href":"https:\/\/api.w.org\/{rel}","templated":true}]}}